{"id":87,"date":"2019-05-25T19:18:17","date_gmt":"2019-05-25T17:18:17","guid":{"rendered":"http:\/\/scn-rando.fr\/?page_id=87"},"modified":"2022-04-02T13:09:09","modified_gmt":"2022-04-02T11:09:09","slug":"organisation","status":"publish","type":"page","link":"http:\/\/scn-rando.fr\/index.php\/organisation\/","title":{"rendered":"Organisation"},"content":{"rendered":"<p>Il s\u2019agit d\u2019une association loi 1901, d\u00e9clar\u00e9e \u00e0 la pr\u00e9fecture du Tarn-et-Garonne (Occitanie) le 02 mai 2007. Parution du journal officiel le 04 ao\u00fbt 2007 \u2013 Identification Waldec\u00a0: W822000569. L\u2019association n\u2019est pas affili\u00e9e \u00e0 la FFRP.<\/p>\n<p>Elle est pr\u00e9sid\u00e9e par Bernard Valette\u00a0\u00a0\u00a0\u00a0\u00a0\u00a0\u00a0\u00a0 <span style=\"color: #ff0000;\">contact<\/span> <span style=\"color: #ff0000;\"> \u00a0 <a href=\"mailto: bernard.valette78@orange.fr\"><img loading=\"lazy\" decoding=\"async\" class=\"irc_mi\" src=\"https:\/\/www.icone-png.com\/png\/52\/52244.png\" alt=\"Image associ\u00e9e\" width=\"25\" height=\"25\" data-iml=\"1558948448899\" \/><\/a><br \/>\n<\/span><\/p>\n<p><strong>Si\u00e8ge\u00a0:<\/strong><\/p>\n<p>Mairie de N\u00e8grepelisse\u00a0 &#8211;\u00a0 5, place de l\u2019h\u00f4tel de ville\u00a0 &#8211;\u00a0 82800 N\u00e8grepelisse<\/p>\n<p><strong>Adresse Postale\u00a0:<\/strong><\/p>\n<p>SCN-Rando \u00a0 &#8211;\u00a0\u00a0 333, rue des Mercadi\u00e8s\u00a0\u00a0 &#8211;\u00a0\u00a0 82800 Bioule<\/p>\n<p><strong>Fonctionnement\u00a0:<\/strong><\/p>\n<p>Bureau compos\u00e9 de 10 membres (Liste dans paragraphe Bureau)<\/p>\n<p><strong>Site WEB et droit \u00e0 l\u2019image\u00a0:<\/strong><\/p>\n<p>Le site <a href=\"http:\/\/www.scn-rando.fr\">www.scn-rando.fr<\/a> est administr\u00e9 par Jean-Paul Pelletier\u00a0\u00a0\u00a0\u00a0\u00a0\u00a0\u00a0\u00a0\u00a0\u00a0 <span style=\"color: #ff0000;\">contact<\/span>\u00a0\u00a0<a href=\"mailto: jpaulp44@sfr.fr\"><img loading=\"lazy\" decoding=\"async\" class=\"irc_mi\" src=\"https:\/\/www.icone-png.com\/png\/52\/52244.png\" alt=\"Image associ\u00e9e\" width=\"25\" height=\"25\" data-iml=\"1558948448899\" \/><\/a><\/p>\n<p>Le site <a href=\"http:\/\/www.scn-rando.fr\">www.scn-rando.fr<\/a> est dispens\u00e9 de la d\u00e9claration \u00e0 la CNIL, en vertu de la dispense n\u00b08 concernant le traitement de donn\u00e9es personnelles mis en \u0153uvre par tout organisme \u00e0 but non lucratif pour la gestion administrative de leurs membres.<\/p>\n<p>Les informations recueillies via le formulaire de demande d\u2019adh\u00e9sion sont destin\u00e9es au secr\u00e9tariat de l\u2019association.<\/p>\n<p>Mentions droits d\u2019images\u00a0: Toutes les photographies h\u00e9berg\u00e9es sur le site sont issues des activit\u00e9s de l\u2019association. Toutes personnes qui n\u2019autorisent pas les administrateurs du site \u00e0 utiliser leur image \u00e0 des fins de promotion et de diffusion doivent demander l\u2019application du droit de retrait qui leur sera accord\u00e9 sans aucune exception.<\/p>\n<p>Mentions utilisation d\u2019images\u00a0: Toutes les photographies h\u00e9berg\u00e9es sur le site appartiennent \u00e0 l\u2019association, conform\u00e9ment \u00e0 l\u2019article L. 122-4 du Code de la propri\u00e9t\u00e9 intellectuelle, toute utilisation des photographies sans autorisation \u00e9crite particuli\u00e8re et pr\u00e9alable est strictement interdite.<\/p>\n","protected":false},"excerpt":{"rendered":"<p>Il s\u2019agit d\u2019une association loi 1901, d\u00e9clar\u00e9e \u00e0 la pr\u00e9fecture du Tarn-et-Garonne (Occitanie) le 02 mai 2007. Parution du journal officiel le 04 ao\u00fbt 2007 \u2013 Identification Waldec\u00a0: W822000569. L\u2019association n\u2019est pas affili\u00e9e \u00e0 la FFRP. Elle est pr\u00e9sid\u00e9e par Bernard Valette\u00a0\u00a0\u00a0\u00a0\u00a0\u00a0\u00a0\u00a0 contact \u00a0 Si\u00e8ge\u00a0: Mairie de N\u00e8grepelisse\u00a0 &#8211;\u00a0 5, place de l\u2019h\u00f4tel de ville\u00a0 &hellip; <a href=\"http:\/\/scn-rando.fr\/index.php\/organisation\/\" class=\"more-link\">Continuer la lecture de <span class=\"screen-reader-text\">Organisation<\/span>  <span class=\"meta-nav\">&rarr;<\/span><\/a><\/p>\n","protected":false},"author":1,"featured_media":0,"parent":0,"menu_order":0,"comment_status":"closed","ping_status":"closed","template":"","meta":{"ngg_post_thumbnail":0,"footnotes":""},"class_list":["post-87","page","type-page","status-publish","hentry"],"jetpack_sharing_enabled":true,"_links":{"self":[{"href":"http:\/\/scn-rando.fr\/index.php\/wp-json\/wp\/v2\/pages\/87"}],"collection":[{"href":"http:\/\/scn-rando.fr\/index.php\/wp-json\/wp\/v2\/pages"}],"about":[{"href":"http:\/\/scn-rando.fr\/index.php\/wp-json\/wp\/v2\/types\/page"}],"author":[{"embeddable":true,"href":"http:\/\/scn-rando.fr\/index.php\/wp-json\/wp\/v2\/users\/1"}],"replies":[{"embeddable":true,"href":"http:\/\/scn-rando.fr\/index.php\/wp-json\/wp\/v2\/comments?post=87"}],"version-history":[{"count":14,"href":"http:\/\/scn-rando.fr\/index.php\/wp-json\/wp\/v2\/pages\/87\/revisions"}],"predecessor-version":[{"id":2296,"href":"http:\/\/scn-rando.fr\/index.php\/wp-json\/wp\/v2\/pages\/87\/revisions\/2296"}],"wp:attachment":[{"href":"http:\/\/scn-rando.fr\/index.php\/wp-json\/wp\/v2\/media?parent=87"}],"curies":[{"name":"wp","href":"https:\/\/api.w.org\/{rel}","templated":true}]}}