{"id":85,"date":"2019-05-25T19:17:54","date_gmt":"2019-05-25T17:17:54","guid":{"rendered":"http:\/\/scn-rando.fr\/?page_id=85"},"modified":"2025-12-31T16:27:29","modified_gmt":"2025-12-31T15:27:29","slug":"presentation","status":"publish","type":"page","link":"http:\/\/scn-rando.fr\/index.php\/presentation\/","title":{"rendered":"Pr\u00e9sentation"},"content":{"rendered":"<p style=\"text-align: justify;\">Association cr\u00e9\u00e9e en 2006 par Danielle et Norbert MAISONNEUVE. Apr\u00e8s 13 ans de pr\u00e9sidence, ce dernier a d\u00e9cid\u00e9 de passer la main et de mettre au vote, \u00e0 l\u2019A.G. du 13 f\u00e9vrier 2019, l\u2019\u00e9lection de son successeur. Une \u00e9quipe s\u2019est pr\u00e9sent\u00e9e et apr\u00e8s avoir rassembl\u00e9e l\u2019ensemble des suffrages, elle a donn\u00e9 mandat \u00e0 Bernard VALETTE pour la pr\u00e9sider et continuer les activit\u00e9s.<\/p>\n<p style=\"text-align: justify;\">Les buts de l\u2019association se caract\u00e9risent par :<br \/>\n&#8211; L\u2019organisation et l\u2019animation de sorties de randonn\u00e9es p\u00e9destres, avec d\u00e9couverte de la faune, de la flore et des sites naturels et culturels de la r\u00e9gion.<br \/>\n&#8211; L\u2019entretien de liens de solidarit\u00e9 entre les membres.<\/p>\n<p><strong>ORGANISATION GENERALE&nbsp;:<\/strong><\/p>\n<p><strong>&nbsp;<\/strong>L\u2019association SCN-RANDO \u00ab L\u2019Echapp\u00e9e-Occitane \u00bb propose 3 types de randonn\u00e9es p\u00e9destres hebdomadaires de niveaux faciles, moyens, et difficiles afin de permettre la pratique pour \u00ab tous \u00bb, en fonction des capacit\u00e9s de chacun.<\/p>\n<ul>\n<li style=\"list-style-type: none;\">\n<ul>\n<li style=\"list-style-type: none;\">\n<ul>\n<li style=\"list-style-type: none;\">\n<ul>\n<li><strong>Des parcours de sant\u00e9 appel\u00e9s \u00ab\u00a0Les chemins du mardi\u00a0\u00bb, entre 6 kms et 7 kms <\/strong>tous les mardis (except\u00e9 le mois d\u2019ao\u00fbt).<\/li>\n<li><strong>Des \u00ab Petites Randonn\u00e9es \u00bb entre 8 kms et 12 kms<\/strong> tous les jeudis (except\u00e9 le mois d\u2019ao\u00fbt).<\/li>\n<li><strong>Des \u00ab Grandes Randonn\u00e9es \u00bb entre 12 kms et 20 kms<\/strong>, le 1<sup>er<\/sup>, 3<sup>\u00e8me<\/sup>, 5<sup>\u00e8me<\/sup> jeudi du mois (except\u00e9 le mois d\u2019ao\u00fbt). Cette organisation permet aux membres de l\u2019association de se retrouver le 2<sup>\u00e8me<\/sup> et 4<sup>\u00e8me<\/sup> jeudi du mois pour participer \u00e0 une randonn\u00e9e commune n\u2019exc\u00e9dant pas 12 kms.<\/li>\n<\/ul>\n<\/li>\n<\/ul>\n<p>&nbsp;<\/li>\n<li style=\"list-style-type: none;\"><strong>Un s\u00e9jour annuel d\u2019une semaine<\/strong> est organis\u00e9 pour les adh\u00e9rents au mois de juin, en principe ainsi que <strong>2 ou 3 week-ends.<\/strong><\/li>\n<\/ul>\n<\/li>\n<\/ul>\n<p>&nbsp;<\/p>\n<p>Dans ce sch\u00e9ma, les randonn\u00e9es peuvent \u00eatre&nbsp;:<\/p>\n<ul>\n<li>A la journ\u00e9e avec pique-nique (grande rando).<\/li>\n<li>A la demi-journ\u00e9e (petite rando et chemins du mardi).<\/li>\n<\/ul>\n<p>En raison des mauvaises conditions m\u00e9t\u00e9orologiques (intemp\u00e9ries, canicule) ou autres, les randos peuvent \u00eatre annul\u00e9es, report\u00e9es, avanc\u00e9es et remplac\u00e9es par des sorties plus propices.<\/p>\n<p>Gr\u00e2ce \u00e0 la communication du site(scn-rando.fr), les membres en sont inform\u00e9s \u00e0 la rubrique&nbsp;: <strong>\u00ab&nbsp;Derni\u00e8re Minute&nbsp;\u00bb.<\/strong><\/p>\n<p>Dans tous les cas, <strong>le point de rendez-vous covoiturage des d\u00e9parts de randos est situ\u00e9 sur le Parking du complexe Aim\u00e9 Padi\u00e9, rue de la Sorbonne, route de Bioule.<\/strong><\/p>\n<p><strong>&nbsp;&nbsp;&nbsp;&nbsp; 1)&nbsp; RDV du jeudi entre 7H45 et 8H00 du 01\/03 au 30\/11.<br \/>\n&#8230;&#8230;&#8230;.Horaires d&rsquo;hiver, du 01\/12 au 28\/02 RDV entre 8H15 et 8H30<\/strong><\/p>\n<p><strong>&nbsp;&nbsp;&nbsp;&nbsp; 2) RDV du mardi entre 13H15 et 13H30<\/strong><br \/>\n&#8230;&#8230;&#8230;.<strong>Horaires d&rsquo;\u00e9t\u00e9,&nbsp; juillet et ao\u00fbt, le matin entre 8H15 et 8H30<\/strong><\/p>\n<p>La ponctualit\u00e9 est de rigueur. L\u2019heure de retour au parking de la rue des Foss\u00e9s est tr\u00e8s variable et ne peut \u00eatre garantie.<\/p>\n<p><strong>RASSEMBLEMENT : <\/strong><br \/>\n<strong>&nbsp;&nbsp;&nbsp;&nbsp; 7h45,&nbsp;<\/strong><strong> D\u00e9part : <\/strong><strong>8h00 tous les jeudis, (sauf du 01 d\u00e9cembre au 28&nbsp;&nbsp; f\u00e9vrier : 8h15, d\u00e9part 8h30)<br \/>\n<\/strong>&nbsp;&nbsp;&nbsp;&nbsp; <strong>13h15, D\u00e9part 13h30 tous les mardis, (sauf juillet et septembre 8H15, d\u00e9part 8H30)<\/strong><\/p>\n<p>En cas de doute sur le maintien de la rando, vous pouvez vous connecter sur le site ou vous renseigner aupr\u00e8s de l\u2019animateur ou de l\u2019animatrice de la rando ou du pr\u00e9sident.<\/p>\n<p>Pratiquer la randonn\u00e9e p\u00e9destre c\u2019est l\u2019occasion de b\u00e9n\u00e9ficier de tous les bienfaits de la marche pour votre sant\u00e9, mais aussi de la convivialit\u00e9 au sein du groupe.<\/p>\n<p><strong>Alors mettez vos chaussures et venez partager avec nous le plaisir de la marche.<\/strong><\/p>\n","protected":false},"excerpt":{"rendered":"<p>Association cr\u00e9\u00e9e en 2006 par Danielle et Norbert MAISONNEUVE. Apr\u00e8s 13 ans de pr\u00e9sidence, ce dernier a d\u00e9cid\u00e9 de passer la main et de mettre au vote, \u00e0 l\u2019A.G. du 13 f\u00e9vrier 2019, l\u2019\u00e9lection de son successeur. Une \u00e9quipe s\u2019est pr\u00e9sent\u00e9e et apr\u00e8s avoir rassembl\u00e9e l\u2019ensemble des suffrages, elle a donn\u00e9 mandat \u00e0 Bernard VALETTE &hellip; <a href=\"http:\/\/scn-rando.fr\/index.php\/presentation\/\" class=\"more-link\">Continuer la lecture de <span class=\"screen-reader-text\">Pr\u00e9sentation<\/span>  <span class=\"meta-nav\">&rarr;<\/span><\/a><\/p>\n","protected":false},"author":1,"featured_media":0,"parent":0,"menu_order":0,"comment_status":"closed","ping_status":"closed","template":"","meta":{"ngg_post_thumbnail":0,"footnotes":""},"class_list":["post-85","page","type-page","status-publish","hentry"],"jetpack_sharing_enabled":true,"_links":{"self":[{"href":"http:\/\/scn-rando.fr\/index.php\/wp-json\/wp\/v2\/pages\/85"}],"collection":[{"href":"http:\/\/scn-rando.fr\/index.php\/wp-json\/wp\/v2\/pages"}],"about":[{"href":"http:\/\/scn-rando.fr\/index.php\/wp-json\/wp\/v2\/types\/page"}],"author":[{"embeddable":true,"href":"http:\/\/scn-rando.fr\/index.php\/wp-json\/wp\/v2\/users\/1"}],"replies":[{"embeddable":true,"href":"http:\/\/scn-rando.fr\/index.php\/wp-json\/wp\/v2\/comments?post=85"}],"version-history":[{"count":24,"href":"http:\/\/scn-rando.fr\/index.php\/wp-json\/wp\/v2\/pages\/85\/revisions"}],"predecessor-version":[{"id":3654,"href":"http:\/\/scn-rando.fr\/index.php\/wp-json\/wp\/v2\/pages\/85\/revisions\/3654"}],"wp:attachment":[{"href":"http:\/\/scn-rando.fr\/index.php\/wp-json\/wp\/v2\/media?parent=85"}],"curies":[{"name":"wp","href":"https:\/\/api.w.org\/{rel}","templated":true}]}}