{"id":83,"date":"2019-05-25T19:17:26","date_gmt":"2019-05-25T17:17:26","guid":{"rendered":"http:\/\/scn-rando.fr\/?page_id=83"},"modified":"2025-12-31T16:51:05","modified_gmt":"2025-12-31T15:51:05","slug":"le-transport","status":"publish","type":"page","link":"http:\/\/scn-rando.fr\/index.php\/le-transport\/","title":{"rendered":"Le transport"},"content":{"rendered":"<p style=\"text-align: justify;\">Le point de rendez-vous est \u00e0 <span style=\"color: #ff0000;\">N\u00e8grepelisse, parking du complexe Aim\u00e9 Padi\u00e9<\/span> (situ\u00e9 avenue de la Sorbonne <strong>Plan&nbsp;&nbsp;<\/strong>Cliquer ici&nbsp; &#8212;&gt; <a href=\"http:\/\/scn-rando.fr\/wp-content\/uploads\/2025\/12\/Plan-AIme-Padie.jpg\" target=\"_blank\" rel=\"noopener noreferrer\"><img loading=\"lazy\" decoding=\"async\" class=\"alignnone wp-image-860\" src=\"http:\/\/scn-rando.fr\/wp-content\/uploads\/2019\/11\/Symbole-plan-e1573117309410.jpg\" alt=\"\" width=\"20\" height=\"26\"><\/a>). Il est souhaitable que les participants soient pr\u00e9sents sur place, <span style=\"color: #ff0000;\">15 mn avant le d\u00e9part<\/span> qui est fix\u00e9 \u00e0 <span style=\"color: #ff0000;\">13h30 pr\u00e9cise le mardi (sauf en juillet et septembre d\u00e9part \u00e0 08h30) et \u00e0 08h00 pr\u00e9cise le jeudi (\u00e0 08h30 pr\u00e9cise de d\u00e9cembre \u00e0 f\u00e9vrier)<\/span>. La ponctualit\u00e9 est de rigueur.<\/p>\n<p>Le transport Aller et Retour des randonneurs depuis le point de rendez-vous jusqu\u2019au point de d\u00e9part de la randonn\u00e9e s \u2019effectue en covoiturage en favorisant le regroupement et le remplissage des v\u00e9hicules ainsi que l\u2019alternance dans l\u2019utilisation de ces derniers. Tous les frais sont partag\u00e9s entre les personnes participant \u00e0 la sortie (regroup\u00e9es dans les v\u00e9hicules).<br \/>\nQuant aux chauffeurs, ils payent comme les autres leur quote part de transport et ne tirent aucun avantage \u00e0 conduire et user leurs v\u00e9hicules.<\/p>\n<p style=\"text-align: justify;\">Le montant de l\u2019indemnit\u00e9 de remboursement kilom\u00e9trique est \u00e9tabli une fois par an (sauf augmentation tr\u00e8s importante des carburants) par le bureau de l\u2019association et soumis \u00e0 l\u2019Assembl\u00e9e G\u00e9n\u00e9rale.<\/p>\n<p style=\"text-align: justify;\"><span style=\"font-size: 14pt;\"><span style=\"font-size: 12pt;\">Il a \u00e9t\u00e9 \u00e9tabli lors de la r\u00e9union du 11\/12\/2019 des r\u00e8gles et un bar\u00e8me pour les remboursements kilom\u00e9triques. Un nouveau bar\u00e8me a \u00e9t\u00e9 \u00e9tabli et vot\u00e9 lors de l&rsquo;AG du 17\/02\/2022 et sera appliqu\u00e9 \u00e0 partir du 1er mai 2022.<br \/>\n<\/span><\/span><\/p>\n<ul>\n<li>&nbsp;Une participation d\u2019un montant de <strong>1\u20ac<\/strong> par personne (passager et chauffeur compris) sera sollicit\u00e9e pour le transport en covoiturage \u00e0 chaque sortie hebdomadaire inf\u00e9rieure \u00e0 21 kms pour les trajets aller et retour.<\/li>\n<li>Une participation d\u2019un montant de <strong>2\u20ac<\/strong> par personne (passager et chauffeur compris) sera sollicit\u00e9e pour le transport en covoiturage \u00e0 chaque sortie hebdomadaire pour les trajets aller et retour compris entre 21 kms et 40 kms.<\/li>\n<li>Une participation d\u2019un montant de <strong>3\u20ac<\/strong> par personne (passager et chauffeur compris) sera sollicit\u00e9e pour le transport en covoiturage \u00e0 chaque sortie hebdomadaire pour les trajets aller et retour compris entre 41 kms et 60 kms.<\/li>\n<li>Une participation d\u2019un montant de <strong>4\u20ac<\/strong> par personne (passager et chauffeur compris) sera sollicit\u00e9e pour le transport en covoiturage \u00e0 chaque sortie hebdomadaire pour les trajets aller et retour compris entre 61 kms et 100 kms.<\/li>\n<li>Une participation d\u2019un montant de <strong>5\u20ac <\/strong>par personne (passager et chauffeur compris) sera sollicit\u00e9e pour le transport en covoiturage \u00e0 chaque sortie hebdomadaire pour les trajets aller et retour compris entre 101 kms et 150 kms.<\/li>\n<li>pour les trajets aller et retours sup\u00e9rieurs \u00e0 150 kms,&nbsp; la participation sera calcul\u00e9e en fonction du nombre de Kms parcourus multipli\u00e9e par l\u2019indemnit\u00e9 kilom\u00e9trique fix\u00e9e \u00e0 0,30\u20ac et divis\u00e9e par le nombre de personnes dans la voiture.<\/li>\n<li>pour les sorties des s\u00e9jours annuels, la participation sera calcul\u00e9e en fonction du nombre de Kms total parcourus multipli\u00e9e par l\u2019indemnit\u00e9 kilom\u00e9trique fix\u00e9e \u00e0 0,30\u20ac.<\/li>\n<li>&nbsp;<\/li>\n<li>Exemple, pour un s\u00e9jour ou le v\u00e9hicule aura parcouru 800 kms, le d\u00e9fraiement donn\u00e9 au conducteur sera de <strong>240\u20ac.<\/strong><\/li>\n<\/ul>\n<p>Le d\u00e9fraiement du chauffeur se fera en fonction du nombre de kilom\u00e8tres aller et retour mentionn\u00e9 dans le planning selon le kilom\u00e9trage \u00e9tabli par itin\u00e9raire MAPPY et sous forme de p\u00e9r\u00e9quation. Il est imp\u00e9ratif de bien compl\u00e9ter les v\u00e9hicules au d\u00e9part. (<strong>4 personnes par v\u00e9hicule<\/strong>).<\/p>\n<p>Ces propositions sont applicables aux 2 groupes (petite et grande randonn\u00e9e) Ceci implique que le rassemblement en vue du d\u00e9part des randos doit se faire pour tous les adh\u00e9rents \u00e0 N\u00e8grepelisse. N\u00e9anmoins, les adh\u00e9rents qui se rendront directement au d\u00e9part du lieu de la randonn\u00e9e avec leur propre v\u00e9hicule, ne seront pas indemnis\u00e9s. Enfin, les adh\u00e9rents qui seront pris au passage des v\u00e9hicules sur le trajet, participeront au m\u00eame titre que ceux qui partent du parking de N\u00e8grepelisse.<\/p>\n<p>Le montant par personne est indiqu\u00e9 sur le site. L\u2019Association ne peut \u00eatre tenue pour responsable du non-paiement de ces frais.<\/p>\n<p style=\"text-align: justify;\">Le covoiturage est bas\u00e9 sur le principe du partage et de la r\u00e9ciprocit\u00e9.<br \/>\nTout personne acceptant de conduire lors du covoiturage est responsable des personnes qu\u2019elle transporte. Elle devra donc v\u00e9rifier au pr\u00e9alable qu\u2019elle est assur\u00e9e pour pratiquer le covoiturage sans clause restrictive.<\/p>\n<p><span style=\"font-size: 14pt;\"><strong>&nbsp;<\/strong><\/span><\/p>\n<p><span style=\"font-size: 14pt;\"><strong>&nbsp;<\/strong><\/span><\/p>\n","protected":false},"excerpt":{"rendered":"<p>Le point de rendez-vous est \u00e0 N\u00e8grepelisse, parking du complexe Aim\u00e9 Padi\u00e9 (situ\u00e9 avenue de la Sorbonne Plan&nbsp;&nbsp;Cliquer ici&nbsp; &#8212;&gt; ). Il est souhaitable que les participants soient pr\u00e9sents sur place, 15 mn avant le d\u00e9part qui est fix\u00e9 \u00e0 13h30 pr\u00e9cise le mardi (sauf en juillet et septembre d\u00e9part \u00e0 08h30) et \u00e0 08h00 &hellip; <a href=\"http:\/\/scn-rando.fr\/index.php\/le-transport\/\" class=\"more-link\">Continuer la lecture de <span class=\"screen-reader-text\">Le transport<\/span>  <span class=\"meta-nav\">&rarr;<\/span><\/a><\/p>\n","protected":false},"author":1,"featured_media":0,"parent":0,"menu_order":0,"comment_status":"closed","ping_status":"closed","template":"","meta":{"ngg_post_thumbnail":0,"footnotes":""},"class_list":["post-83","page","type-page","status-publish","hentry"],"jetpack_sharing_enabled":true,"_links":{"self":[{"href":"http:\/\/scn-rando.fr\/index.php\/wp-json\/wp\/v2\/pages\/83"}],"collection":[{"href":"http:\/\/scn-rando.fr\/index.php\/wp-json\/wp\/v2\/pages"}],"about":[{"href":"http:\/\/scn-rando.fr\/index.php\/wp-json\/wp\/v2\/types\/page"}],"author":[{"embeddable":true,"href":"http:\/\/scn-rando.fr\/index.php\/wp-json\/wp\/v2\/users\/1"}],"replies":[{"embeddable":true,"href":"http:\/\/scn-rando.fr\/index.php\/wp-json\/wp\/v2\/comments?post=83"}],"version-history":[{"count":32,"href":"http:\/\/scn-rando.fr\/index.php\/wp-json\/wp\/v2\/pages\/83\/revisions"}],"predecessor-version":[{"id":3656,"href":"http:\/\/scn-rando.fr\/index.php\/wp-json\/wp\/v2\/pages\/83\/revisions\/3656"}],"wp:attachment":[{"href":"http:\/\/scn-rando.fr\/index.php\/wp-json\/wp\/v2\/media?parent=83"}],"curies":[{"name":"wp","href":"https:\/\/api.w.org\/{rel}","templated":true}]}}