{"id":397,"date":"2019-09-24T17:39:11","date_gmt":"2019-09-24T15:39:11","guid":{"rendered":"http:\/\/scn-rando.fr\/?page_id=397"},"modified":"2026-03-30T16:03:28","modified_gmt":"2026-03-30T14:03:28","slug":"page-1-1","status":"publish","type":"page","link":"http:\/\/scn-rando.fr\/index.php\/page-1\/page-1-1\/","title":{"rendered":"Reserv\u00e9 Adh\u00e9rents"},"content":{"rendered":"Vous devez \u00eatre connect\u00e9 pour voir cette page <a href=\"http:\/\/scn-rando.fr\/index.php\/membership-login\/\">Se connecter<\/a> ou <a href=\"http:\/\/scn-rando.fr\/index.php\/membership-join\/\">Rejoignez- nous<\/a>. ","protected":false},"excerpt":{"rendered":"<p>Vous devez \u00eatre connect\u00e9 pour voir cette page Se connecter ou Rejoignez- nous.<\/p>\n","protected":false},"author":1,"featured_media":2314,"parent":393,"menu_order":0,"comment_status":"closed","ping_status":"closed","template":"","meta":{"ngg_post_thumbnail":0,"footnotes":""},"class_list":["post-397","page","type-page","status-publish","has-post-thumbnail","hentry"],"jetpack_sharing_enabled":true,"_links":{"self":[{"href":"http:\/\/scn-rando.fr\/index.php\/wp-json\/wp\/v2\/pages\/397"}],"collection":[{"href":"http:\/\/scn-rando.fr\/index.php\/wp-json\/wp\/v2\/pages"}],"about":[{"href":"http:\/\/scn-rando.fr\/index.php\/wp-json\/wp\/v2\/types\/page"}],"author":[{"embeddable":true,"href":"http:\/\/scn-rando.fr\/index.php\/wp-json\/wp\/v2\/users\/1"}],"replies":[{"embeddable":true,"href":"http:\/\/scn-rando.fr\/index.php\/wp-json\/wp\/v2\/comments?post=397"}],"version-history":[{"count":326,"href":"http:\/\/scn-rando.fr\/index.php\/wp-json\/wp\/v2\/pages\/397\/revisions"}],"predecessor-version":[{"id":3757,"href":"http:\/\/scn-rando.fr\/index.php\/wp-json\/wp\/v2\/pages\/397\/revisions\/3757"}],"up":[{"embeddable":true,"href":"http:\/\/scn-rando.fr\/index.php\/wp-json\/wp\/v2\/pages\/393"}],"wp:featuredmedia":[{"embeddable":true,"href":"http:\/\/scn-rando.fr\/index.php\/wp-json\/wp\/v2\/media\/2314"}],"wp:attachment":[{"href":"http:\/\/scn-rando.fr\/index.php\/wp-json\/wp\/v2\/media?parent=397"}],"curies":[{"name":"wp","href":"https:\/\/api.w.org\/{rel}","templated":true}]}}