{"id":3679,"date":"2026-01-05T19:08:37","date_gmt":"2026-01-05T18:08:37","guid":{"rendered":"http:\/\/scn-rando.fr\/?page_id=3679"},"modified":"2026-01-05T21:09:23","modified_gmt":"2026-01-05T20:09:23","slug":"regles-de-securite-et-de-respect","status":"publish","type":"page","link":"http:\/\/scn-rando.fr\/index.php\/document\/regles-de-securite-et-de-respect\/","title":{"rendered":"R\u00e8gles de s\u00e9curit\u00e9 et de respect"},"content":{"rendered":"<p style=\"text-align: center;\"><strong>B0N DEROULEMENT D\u2019UNE RANDONNEE<\/strong><\/p>\n<p>L\u2019animateur prend en charge la pr\u00e9paration et la conduite de la randonn\u00e9e inscrite au programme du club. Durant sa mission, il agit pour le compte et sous la responsabilit\u00e9 de L\u2019association. Il lui est donn\u00e9 autorit\u00e9 tout au long de celle-ci. Il fait ainsi acte de solidarit\u00e9 qui suppose le respect et la bienveillance des membres qui vont en b\u00e9n\u00e9ficier. Chacun doit respecter les consignes qu\u2019il donne et les appliquer pour le bien de tous et pour des raisons de s\u00e9curit\u00e9, du respect de l&rsquo;environnement et du bon d\u00e9roulement de la randonn\u00e9e.<\/p>\n<p>Voici quelques r\u00e8gles de bonne conduite qu&rsquo;il est bon de suivre au cours de nos randonn\u00e9es au sein de l&rsquo;association SCN-RANDO.<\/p>\n<p>&nbsp;<\/p>\n<p><span style=\"font-size: 18pt;\"><strong>Chaque randonneur s&rsquo;engage \u00e0&nbsp;:<\/strong><\/span><\/p>\n<p><strong>&nbsp; &nbsp; &nbsp; &nbsp; &nbsp; -Respecter les conseils donn\u00e9s par les animateurs.<\/strong><br \/>\n&nbsp; &nbsp; &nbsp; &nbsp; &nbsp; &nbsp; &nbsp; &nbsp; &nbsp; &nbsp; Seul l\u2019animateur est \u00e0 m\u00eame de conduire sa randonn\u00e9e (qu\u2019il a pr\u00e9par\u00e9e),<br \/>\n<em>&nbsp; &nbsp; &nbsp; &nbsp; &nbsp; &nbsp; &nbsp; &nbsp; &nbsp; &nbsp; NB : il peut en cas de doute sur l\u2019itin\u00e9raire demander l\u2019avis de randonneurs Confirm\u00e9s.<\/em><\/p>\n<p><em>&nbsp; &nbsp; &nbsp; &nbsp; &nbsp; <strong>&#8211;<\/strong><\/em><strong>&nbsp;Rester derri\u00e8re l\u2019animateur en t\u00eate de la marche.<\/strong><\/p>\n<p>&nbsp; &nbsp; &nbsp; &nbsp; &nbsp; &#8211;<strong>En cas de n\u00e9cessit\u00e9 d\u2019\u00e9loignement du groupe : laisser son sac \u00e0 dos au bord du chemin et pr\u00e9venir le serre-file.<\/strong><\/p>\n<p>&nbsp; &nbsp; &nbsp; &nbsp; &nbsp;<strong> -\u00c0 chaque bifurcation, \u00eatre attentif aux randonneurs qui le suivent et attendre, si besoin, les retardataires.<\/strong><\/p>\n<p><strong>&nbsp; &nbsp; &nbsp; &nbsp; &nbsp; -Avoir sa carte vitale et \u00e9ventuellement sa fiche sant\u00e9 et les m\u00e9dicaments appropri\u00e9s s\u2019il est concern\u00e9 r des soins ou une pathologie sp\u00e9cifique<\/strong><\/p>\n<p><strong>&nbsp; &nbsp; &nbsp; &nbsp; &nbsp; -Avoir le mat\u00e9riel adapt\u00e9 en fonction de la randonn\u00e9e<\/strong><br \/>\n&nbsp; &nbsp; &nbsp; &nbsp; &nbsp; &nbsp; &nbsp; &nbsp; &nbsp; &nbsp; Sac \u00e0 dos<br \/>\n&nbsp; &nbsp; &nbsp; &nbsp; &nbsp; &nbsp; &nbsp; &nbsp; &nbsp; &nbsp; Chaussures de randonn\u00e9e<br \/>\n&nbsp; &nbsp; &nbsp; &nbsp; &nbsp; &nbsp; &nbsp; &nbsp; &nbsp; &nbsp; Eau<br \/>\n&nbsp; &nbsp; &nbsp; &nbsp; &nbsp; &nbsp; &nbsp; &nbsp; &nbsp; &nbsp; Ravitaillement en fonction de la dur\u00e9e<br \/>\n&nbsp; &nbsp; &nbsp; &nbsp; &nbsp; &nbsp; &nbsp; &nbsp; &nbsp; &nbsp; V\u00eatements appropri\u00e9s, chapeau, lunette de soleil&#8230;selon la saison et le lieu<br \/>\n&nbsp; &nbsp; &nbsp; &nbsp; &nbsp; &nbsp; &nbsp; &nbsp; &nbsp; &nbsp;B\u00e2tons de marche (recommand\u00e9s).<\/p>\n<p><strong>&nbsp; &nbsp; &nbsp; &nbsp; &nbsp; -Respecter et faire respecter la nature et son environnement<\/strong><\/p>\n<p><strong>&nbsp; &nbsp; &nbsp; &nbsp; &nbsp; -Respecter, et plus particuli\u00e8rement en p\u00e9riode estivale de risques incendies la r\u00e9glementation en vigueur en termes de pr\u00e9vention incendie.<\/strong><\/p>\n<p>A noter que lors des sorties <strong>avec les v\u00e9hicules :<\/strong><br \/>\n&nbsp; &nbsp; &nbsp; &nbsp; &nbsp; Le conducteur est responsable de sa voiture et de sa conduite,<br \/>\n&nbsp; &nbsp; &nbsp; &nbsp; &nbsp; Les conducteurs et leurs passagers doivent respecter le code de la route<\/p>\n<p>Le covoiturage est naturellement recommand\u00e9, sachant que les passagers &nbsp;&nbsp;s&rsquo;entendent sur une participation financi\u00e8re \u00e9ventuelle.<\/p>\n<p>Enfin, comme dans tout groupe, les bases \u00e9l\u00e9mentaires du savoir-vivre s&rsquo;imposent \u00e0 tous, y compris le respect, la politesse et la bienveillance.<\/p>\n<p>Randonner est un plaisir pour tous \u00e0 partager en groupe, sous r\u00e9serve d\u2019accepter les quelques petites contraintes que cela implique : itin\u00e9raire et rythme de la randonn\u00e9e, horaires et vie en soci\u00e9t\u00e9.<\/p>\n","protected":false},"excerpt":{"rendered":"<p>B0N DEROULEMENT D\u2019UNE RANDONNEE L\u2019animateur prend en charge la pr\u00e9paration et la conduite de la randonn\u00e9e inscrite au programme du club. Durant sa mission, il agit pour le compte et sous la responsabilit\u00e9 de L\u2019association. Il lui est donn\u00e9 autorit\u00e9 tout au long de celle-ci. Il fait ainsi acte de solidarit\u00e9 qui suppose le respect &hellip; <a href=\"http:\/\/scn-rando.fr\/index.php\/document\/regles-de-securite-et-de-respect\/\" class=\"more-link\">Continuer la lecture de <span class=\"screen-reader-text\">R\u00e8gles de s\u00e9curit\u00e9 et de respect<\/span>  <span class=\"meta-nav\">&rarr;<\/span><\/a><\/p>\n","protected":false},"author":1,"featured_media":0,"parent":127,"menu_order":0,"comment_status":"closed","ping_status":"closed","template":"","meta":{"ngg_post_thumbnail":0,"footnotes":""},"class_list":["post-3679","page","type-page","status-publish","hentry"],"jetpack_sharing_enabled":true,"_links":{"self":[{"href":"http:\/\/scn-rando.fr\/index.php\/wp-json\/wp\/v2\/pages\/3679"}],"collection":[{"href":"http:\/\/scn-rando.fr\/index.php\/wp-json\/wp\/v2\/pages"}],"about":[{"href":"http:\/\/scn-rando.fr\/index.php\/wp-json\/wp\/v2\/types\/page"}],"author":[{"embeddable":true,"href":"http:\/\/scn-rando.fr\/index.php\/wp-json\/wp\/v2\/users\/1"}],"replies":[{"embeddable":true,"href":"http:\/\/scn-rando.fr\/index.php\/wp-json\/wp\/v2\/comments?post=3679"}],"version-history":[{"count":4,"href":"http:\/\/scn-rando.fr\/index.php\/wp-json\/wp\/v2\/pages\/3679\/revisions"}],"predecessor-version":[{"id":3684,"href":"http:\/\/scn-rando.fr\/index.php\/wp-json\/wp\/v2\/pages\/3679\/revisions\/3684"}],"up":[{"embeddable":true,"href":"http:\/\/scn-rando.fr\/index.php\/wp-json\/wp\/v2\/pages\/127"}],"wp:attachment":[{"href":"http:\/\/scn-rando.fr\/index.php\/wp-json\/wp\/v2\/media?parent=3679"}],"curies":[{"name":"wp","href":"https:\/\/api.w.org\/{rel}","templated":true}]}}