{"id":316,"date":"2019-09-11T14:24:15","date_gmt":"2019-09-11T12:24:15","guid":{"rendered":"http:\/\/scn-rando.fr\/?page_id=316"},"modified":"2020-05-31T00:02:33","modified_gmt":"2020-05-30T22:02:33","slug":"gestion-des-dechets","status":"publish","type":"page","link":"http:\/\/scn-rando.fr\/index.php\/gestion-des-dechets\/","title":{"rendered":"Gestion des d\u00e9chets"},"content":{"rendered":"<p>Notre d\u00e9marche \u00e9cocitoyenne dans le cadre de l\u2019association SCN-RANDO \u00ab\u00a0L\u2019Echapp\u00e9e Occitane\u00a0\u00bb vise \u00e0 sensibiliser aux enjeux de l\u2019environnement et du d\u00e9veloppement durable\u00a0:<\/p>\n<ul>\n<li>En respectant les espaces prot\u00e9g\u00e9s, type parc nationaux et r\u00e9gionaux.<\/li>\n<li>En r\u00e9cup\u00e9rant nos d\u00e9chets y compris les d\u00e9chets biod\u00e9gradables (\u00e9pluchures diverses).<\/li>\n<li>En \u00e9vitant de cueillir les fleurs.<\/li>\n<li>En ayant un comportement discret.<\/li>\n<li>En \u00e9vitant de faire des feux.<\/li>\n<li>En restant sur les sentiers pour \u00e9viter l\u2019\u00e9rosion et prot\u00e9ger l\u2019\u00e9cosyst\u00e8me forestier.<\/li>\n<\/ul>\n<p><strong>\u00a0\u00a0\u00a0\u00a0\u00a0\u00a0 LA NATURE EST NOTRE PATRIMOINE COMMUN, RESPECTONS LA ET PROTEGEONS LA.<\/strong><\/p>\n<p>Exemples de d\u00e9gradation des produits\u00a0\u00a0 :\u00a0\u00a0 Un clic ici \u00a0\u00a0 \u00a0 <a href=\"http:\/\/scn-rando.fr\/wp-content\/uploads\/2019\/09\/longueviedesdechets.pdf\" target=\"_blank\" rel=\"noopener noreferrer\"><img loading=\"lazy\" decoding=\"async\" class=\"alignnone wp-image-325\" src=\"http:\/\/scn-rando.fr\/wp-content\/uploads\/2019\/09\/poubelle-2.png\" alt=\"\" width=\"36\" height=\"38\" \/><\/a><\/p>\n","protected":false},"excerpt":{"rendered":"<p>Notre d\u00e9marche \u00e9cocitoyenne dans le cadre de l\u2019association SCN-RANDO \u00ab\u00a0L\u2019Echapp\u00e9e Occitane\u00a0\u00bb vise \u00e0 sensibiliser aux enjeux de l\u2019environnement et du d\u00e9veloppement durable\u00a0: En respectant les espaces prot\u00e9g\u00e9s, type parc nationaux et r\u00e9gionaux. En r\u00e9cup\u00e9rant nos d\u00e9chets y compris les d\u00e9chets biod\u00e9gradables (\u00e9pluchures diverses). En \u00e9vitant de cueillir les fleurs. En ayant un comportement discret. En &hellip; <a href=\"http:\/\/scn-rando.fr\/index.php\/gestion-des-dechets\/\" class=\"more-link\">Continuer la lecture de <span class=\"screen-reader-text\">Gestion des d\u00e9chets<\/span>  <span class=\"meta-nav\">&rarr;<\/span><\/a><\/p>\n","protected":false},"author":1,"featured_media":0,"parent":0,"menu_order":0,"comment_status":"closed","ping_status":"closed","template":"","meta":{"ngg_post_thumbnail":0,"footnotes":""},"class_list":["post-316","page","type-page","status-publish","hentry"],"jetpack_sharing_enabled":true,"_links":{"self":[{"href":"http:\/\/scn-rando.fr\/index.php\/wp-json\/wp\/v2\/pages\/316"}],"collection":[{"href":"http:\/\/scn-rando.fr\/index.php\/wp-json\/wp\/v2\/pages"}],"about":[{"href":"http:\/\/scn-rando.fr\/index.php\/wp-json\/wp\/v2\/types\/page"}],"author":[{"embeddable":true,"href":"http:\/\/scn-rando.fr\/index.php\/wp-json\/wp\/v2\/users\/1"}],"replies":[{"embeddable":true,"href":"http:\/\/scn-rando.fr\/index.php\/wp-json\/wp\/v2\/comments?post=316"}],"version-history":[{"count":14,"href":"http:\/\/scn-rando.fr\/index.php\/wp-json\/wp\/v2\/pages\/316\/revisions"}],"predecessor-version":[{"id":1324,"href":"http:\/\/scn-rando.fr\/index.php\/wp-json\/wp\/v2\/pages\/316\/revisions\/1324"}],"wp:attachment":[{"href":"http:\/\/scn-rando.fr\/index.php\/wp-json\/wp\/v2\/media?parent=316"}],"curies":[{"name":"wp","href":"https:\/\/api.w.org\/{rel}","templated":true}]}}