{"id":256,"date":"2019-09-06T00:31:35","date_gmt":"2019-09-05T22:31:35","guid":{"rendered":"http:\/\/scn-rando.fr\/?page_id=256"},"modified":"2020-05-30T23:58:03","modified_gmt":"2020-05-30T21:58:03","slug":"charte-du-bon-animateur","status":"publish","type":"page","link":"http:\/\/scn-rando.fr\/index.php\/charte-du-bon-animateur\/","title":{"rendered":"Charte du bon animateur"},"content":{"rendered":"<p style=\"text-align: center;\">Comme un bon berger au d\u00e9part,<br \/>\nParticipants tu compteras<br \/>\nPuis ensuite, assur\u00e9ment<br \/>\nToutes voitures tu grouperas<\/p>\n<p style=\"text-align: center;\">Au d\u00e9marrage, doucement marcheras<br \/>\nEt attentivement surveilleras.<\/p>\n<p style=\"text-align: center;\">A faire pause, tu penseras<br \/>\nTout le monde s\u00fbrement prendra<br \/>\nBoissons ou petits en-cas<br \/>\nPour mieux repartir et tu verras<br \/>\nQue tout Rando content sera.<\/p>\n<p style=\"text-align: center;\">Si n\u00e9cessaire et chaque fois<br \/>\nSituations tu ma\u00eetriseras<br \/>\nEt ensuite aviseras.<\/p>\n<p style=\"text-align: center;\">Alors docile, groupe suivra<br \/>\nEt pourquoi pas applaudira.<\/p>\n<p style=\"text-align: center;\">Toutes journ\u00e9es tu animeras<br \/>\nGentiment, patiemment, sagement expliqueras<br \/>\nCe qu&rsquo;\u00e0 mesure tu verras<br \/>\nEt ton savoir on approuvera.<\/p>\n<p style=\"text-align: center;\">Si p\u00e9pins ou incidents : bien s\u00fbr tu agiras<br \/>\nS\u00e9curit\u00e9 y pr\u00e9vaudra<br \/>\nBonnes id\u00e9es tu retiendras<br \/>\nEt de plein gr\u00e9 accepteras.<\/p>\n<p style=\"text-align: center;\">Tout le temps, il te faudra<br \/>\nSavoir o\u00f9 tu te trouveras<br \/>\nEt de chemin il restera.<\/p>\n<p style=\"text-align: center;\">Si cas d&rsquo;orage ou forte pluie<br \/>\nDes cr\u00eates alors tu descendras<br \/>\nSans panique et d&rsquo;un bon pas<br \/>\nPour un abri que tu sauras<br \/>\nOu au besoin tu chercheras<br \/>\nEn esp\u00e9rant que tu trouveras.<\/p>\n<p style=\"text-align: center;\">Dans endroits, chemins ardus<br \/>\nOu parfois critiques, tu attendras,<br \/>\nCalmeras, rassureras.<br \/>\nEt grand merci tu recevras.<\/p>\n<p style=\"text-align: center;\">En fin de randonn\u00e9e, brebis tu compteras<br \/>\nEt \u00e0 la recherche des \u00e9gar\u00e9es repartiras<br \/>\nEt t\u00e2che ingrate, lieues tu compteras<br \/>\nEt \u00e0 chacun, \u00e9cot annonceras.<\/p>\n<p style=\"text-align: center;\">Ces conseils tu retiendras<br \/>\nEt bon usage en feras<\/p>\n","protected":false},"excerpt":{"rendered":"<p>Comme un bon berger au d\u00e9part, Participants tu compteras Puis ensuite, assur\u00e9ment Toutes voitures tu grouperas Au d\u00e9marrage, doucement marcheras Et attentivement surveilleras. A faire pause, tu penseras Tout le monde s\u00fbrement prendra Boissons ou petits en-cas Pour mieux repartir et tu verras Que tout Rando content sera. Si n\u00e9cessaire et chaque fois Situations tu &hellip; <a href=\"http:\/\/scn-rando.fr\/index.php\/charte-du-bon-animateur\/\" class=\"more-link\">Continuer la lecture de <span class=\"screen-reader-text\">Charte du bon animateur<\/span>  <span class=\"meta-nav\">&rarr;<\/span><\/a><\/p>\n","protected":false},"author":1,"featured_media":0,"parent":0,"menu_order":0,"comment_status":"closed","ping_status":"closed","template":"","meta":{"ngg_post_thumbnail":0,"footnotes":""},"class_list":["post-256","page","type-page","status-publish","hentry"],"jetpack_sharing_enabled":true,"_links":{"self":[{"href":"http:\/\/scn-rando.fr\/index.php\/wp-json\/wp\/v2\/pages\/256"}],"collection":[{"href":"http:\/\/scn-rando.fr\/index.php\/wp-json\/wp\/v2\/pages"}],"about":[{"href":"http:\/\/scn-rando.fr\/index.php\/wp-json\/wp\/v2\/types\/page"}],"author":[{"embeddable":true,"href":"http:\/\/scn-rando.fr\/index.php\/wp-json\/wp\/v2\/users\/1"}],"replies":[{"embeddable":true,"href":"http:\/\/scn-rando.fr\/index.php\/wp-json\/wp\/v2\/comments?post=256"}],"version-history":[{"count":2,"href":"http:\/\/scn-rando.fr\/index.php\/wp-json\/wp\/v2\/pages\/256\/revisions"}],"predecessor-version":[{"id":1314,"href":"http:\/\/scn-rando.fr\/index.php\/wp-json\/wp\/v2\/pages\/256\/revisions\/1314"}],"wp:attachment":[{"href":"http:\/\/scn-rando.fr\/index.php\/wp-json\/wp\/v2\/media?parent=256"}],"curies":[{"name":"wp","href":"https:\/\/api.w.org\/{rel}","templated":true}]}}