{"id":2103,"date":"2021-11-25T18:00:31","date_gmt":"2021-11-25T17:00:31","guid":{"rendered":"http:\/\/scn-rando.fr\/?page_id=2103"},"modified":"2021-11-25T18:00:31","modified_gmt":"2021-11-25T17:00:31","slug":"nos-sejours","status":"publish","type":"page","link":"http:\/\/scn-rando.fr\/index.php\/nos-sejours\/","title":{"rendered":"Nos S\u00e9jours"},"content":{"rendered":"<p style=\"text-align: center;\"><div class=\"pt-cv-wrapper\"><div class=\"pt-cv-view pt-cv-grid pt-cv-colsys\" id=\"pt-cv-view-0279b81xu4\"><div data-id=\"pt-cv-page-1\" class=\"pt-cv-page\" data-cvc=\"2\"><div class=\"col-md-6 col-sm-6 col-xs-12 pt-cv-content-item pt-cv-1-col\" ><div class='pt-cv-ifield'><a href=\"http:\/\/scn-rando.fr\/index.php\/2025\/12\/12\/sejour-octobre-2025-escapade-automnale-a-rosas-costa-brava\/\" class=\"_self pt-cv-href-thumbnail pt-cv-thumb-default\" target=\"_self\" ><img loading=\"lazy\" decoding=\"async\" width=\"300\" height=\"225\" src=\"http:\/\/scn-rando.fr\/wp-content\/uploads\/2025\/12\/Rosas-300x225.jpg\" class=\"pt-cv-thumbnail\" alt=\"\" srcset=\"http:\/\/scn-rando.fr\/wp-content\/uploads\/2025\/12\/Rosas-300x225.jpg 300w, http:\/\/scn-rando.fr\/wp-content\/uploads\/2025\/12\/Rosas-1024x768.jpg 1024w, http:\/\/scn-rando.fr\/wp-content\/uploads\/2025\/12\/Rosas-768x576.jpg 768w, http:\/\/scn-rando.fr\/wp-content\/uploads\/2025\/12\/Rosas-1536x1152.jpg 1536w, http:\/\/scn-rando.fr\/wp-content\/uploads\/2025\/12\/Rosas-400x300.jpg 400w, http:\/\/scn-rando.fr\/wp-content\/uploads\/2025\/12\/Rosas.jpg 1600w\" sizes=\"(max-width: 300px) 100vw, 300px\" \/><\/a>\n<h4 class=\"pt-cv-title\"><a href=\"http:\/\/scn-rando.fr\/index.php\/2025\/12\/12\/sejour-octobre-2025-escapade-automnale-a-rosas-costa-brava\/\" class=\"_self\" target=\"_self\" >S\u00e9jour octobre 2025 \u00ab\u00a0Escapade automnale \u00e0 Rosas (Costa Brava)\u00a0\u00bb<\/a><\/h4>\n<div class=\"pt-cv-content\">DU DIMANCHE 05 OCTOBRE AU VENDREDI 10 OCTOBRE 2025. Un s\u00e9jour sportif, culturel et touristique. Nich\u00e9e dans la baie \u00e9ponyme ...<br \/><div class=\"pt-cv-rmwrap\"><a href=\"http:\/\/scn-rando.fr\/index.php\/2025\/12\/12\/sejour-octobre-2025-escapade-automnale-a-rosas-costa-brava\/\" class=\"_self pt-cv-readmore btn btn-success\" target=\"_self\">Lire La Suite\u2026<\/a><\/div><\/div><\/div><\/div>\n<div class=\"col-md-6 col-sm-6 col-xs-12 pt-cv-content-item pt-cv-1-col\" ><div class='pt-cv-ifield'><a href=\"http:\/\/scn-rando.fr\/index.php\/2025\/07\/16\/sejour-mai-2025-en-cote-catalane-pyrenees-orientales\/\" class=\"_self pt-cv-href-thumbnail pt-cv-thumb-default\" target=\"_self\" ><img loading=\"lazy\" decoding=\"async\" width=\"300\" height=\"225\" src=\"http:\/\/scn-rando.fr\/wp-content\/uploads\/2025\/07\/IMG-20250518-WA0111-300x225.jpg\" class=\"pt-cv-thumbnail\" alt=\"\" srcset=\"http:\/\/scn-rando.fr\/wp-content\/uploads\/2025\/07\/IMG-20250518-WA0111-300x225.jpg 300w, http:\/\/scn-rando.fr\/wp-content\/uploads\/2025\/07\/IMG-20250518-WA0111-1024x768.jpg 1024w, http:\/\/scn-rando.fr\/wp-content\/uploads\/2025\/07\/IMG-20250518-WA0111-768x576.jpg 768w, http:\/\/scn-rando.fr\/wp-content\/uploads\/2025\/07\/IMG-20250518-WA0111-1536x1152.jpg 1536w, http:\/\/scn-rando.fr\/wp-content\/uploads\/2025\/07\/IMG-20250518-WA0111-400x300.jpg 400w, http:\/\/scn-rando.fr\/wp-content\/uploads\/2025\/07\/IMG-20250518-WA0111.jpg 1600w\" sizes=\"(max-width: 300px) 100vw, 300px\" \/><\/a>\n<h4 class=\"pt-cv-title\"><a href=\"http:\/\/scn-rando.fr\/index.php\/2025\/07\/16\/sejour-mai-2025-en-cote-catalane-pyrenees-orientales\/\" class=\"_self\" target=\"_self\" >S\u00e9jour mai 2025 \u00ab\u00a0en cote Catalane &#8211; Pyr\u00e9n\u00e9es Orientales\u00a0\u00bb<\/a><\/h4>\n<div class=\"pt-cv-content\">\u00ab Du SAMEDI 17 MAI AU VENDREDI 23 MAI 2025 \u00bb au domaine du Mas de Bazan ...<br \/><div class=\"pt-cv-rmwrap\"><a href=\"http:\/\/scn-rando.fr\/index.php\/2025\/07\/16\/sejour-mai-2025-en-cote-catalane-pyrenees-orientales\/\" class=\"_self pt-cv-readmore btn btn-success\" target=\"_self\">Lire La Suite\u2026<\/a><\/div><\/div><\/div><\/div>\n<div class=\"col-md-6 col-sm-6 col-xs-12 pt-cv-content-item pt-cv-1-col\" ><div class='pt-cv-ifield'><a href=\"http:\/\/scn-rando.fr\/index.php\/2024\/10\/31\/sejour-octobre-2024-en-espagne-a-calella-de-palafrugell\/\" class=\"_self pt-cv-href-thumbnail pt-cv-thumb-default\" target=\"_self\" ><img loading=\"lazy\" decoding=\"async\" width=\"300\" height=\"200\" src=\"http:\/\/scn-rando.fr\/wp-content\/uploads\/2024\/10\/SEJOUR-CALELLA-DE-PALAFRUGELL-09-2024--300x200.jpg\" class=\"pt-cv-thumbnail\" alt=\"\" srcset=\"http:\/\/scn-rando.fr\/wp-content\/uploads\/2024\/10\/SEJOUR-CALELLA-DE-PALAFRUGELL-09-2024--300x200.jpg 300w, http:\/\/scn-rando.fr\/wp-content\/uploads\/2024\/10\/SEJOUR-CALELLA-DE-PALAFRUGELL-09-2024--768x512.jpg 768w, http:\/\/scn-rando.fr\/wp-content\/uploads\/2024\/10\/SEJOUR-CALELLA-DE-PALAFRUGELL-09-2024--400x267.jpg 400w, http:\/\/scn-rando.fr\/wp-content\/uploads\/2024\/10\/SEJOUR-CALELLA-DE-PALAFRUGELL-09-2024-.jpg 1024w\" sizes=\"(max-width: 300px) 100vw, 300px\" \/><\/a>\n<h4 class=\"pt-cv-title\"><a href=\"http:\/\/scn-rando.fr\/index.php\/2024\/10\/31\/sejour-octobre-2024-en-espagne-a-calella-de-palafrugell\/\" class=\"_self\" target=\"_self\" >S\u00e9jour octobre 2024 &#8211; \u00ab\u00a0En Espagne \u00e0 Calella de Palafrugell\u00a0\u00bb<\/a><\/h4>\n<div class=\"pt-cv-content\">S\u00e9jour Automnal en Espagne \u00e0 CALELLA DE PALAFRUGELL \u00ab UNE merveille blanche et bleu sur la Costa Brava \u00bb H\u00f4tel ...<br \/><div class=\"pt-cv-rmwrap\"><a href=\"http:\/\/scn-rando.fr\/index.php\/2024\/10\/31\/sejour-octobre-2024-en-espagne-a-calella-de-palafrugell\/\" class=\"_self pt-cv-readmore btn btn-success\" target=\"_self\">Lire La Suite\u2026<\/a><\/div><\/div><\/div><\/div>\n<div class=\"col-md-6 col-sm-6 col-xs-12 pt-cv-content-item pt-cv-1-col\" ><div class='pt-cv-ifield'><a href=\"http:\/\/scn-rando.fr\/index.php\/2024\/10\/31\/sejour-juin-2024-gites-de-combas-dordogne\/\" class=\"_self pt-cv-href-thumbnail pt-cv-thumb-default\" target=\"_self\" ><img loading=\"lazy\" decoding=\"async\" width=\"300\" height=\"225\" src=\"http:\/\/scn-rando.fr\/wp-content\/uploads\/2024\/10\/Combas-300x225.jpg\" class=\"pt-cv-thumbnail\" alt=\"\" srcset=\"http:\/\/scn-rando.fr\/wp-content\/uploads\/2024\/10\/Combas-300x225.jpg 300w, http:\/\/scn-rando.fr\/wp-content\/uploads\/2024\/10\/Combas-1024x768.jpg 1024w, http:\/\/scn-rando.fr\/wp-content\/uploads\/2024\/10\/Combas-768x576.jpg 768w, http:\/\/scn-rando.fr\/wp-content\/uploads\/2024\/10\/Combas-1536x1152.jpg 1536w, http:\/\/scn-rando.fr\/wp-content\/uploads\/2024\/10\/Combas-400x300.jpg 400w, http:\/\/scn-rando.fr\/wp-content\/uploads\/2024\/10\/Combas.jpg 1600w\" sizes=\"(max-width: 300px) 100vw, 300px\" \/><\/a>\n<h4 class=\"pt-cv-title\"><a href=\"http:\/\/scn-rando.fr\/index.php\/2024\/10\/31\/sejour-juin-2024-gites-de-combas-dordogne\/\" class=\"_self\" target=\"_self\" >S\u00e9jour juin 2024 &#8211; \u00ab Gites de Combas \u00bb Dordogne<\/a><\/h4>\n<div class=\"pt-cv-content\">SEJOUR \u00ab GITES DE COMBAS \u00bb DORDOGNE. \u00ab A la d\u00e9couverte des tr\u00e9sors du P\u00e9rigord noir \u00bb Du samedi 01\/06\/24 ...<br \/><div class=\"pt-cv-rmwrap\"><a href=\"http:\/\/scn-rando.fr\/index.php\/2024\/10\/31\/sejour-juin-2024-gites-de-combas-dordogne\/\" class=\"_self pt-cv-readmore btn btn-success\" target=\"_self\">Lire La Suite\u2026<\/a><\/div><\/div><\/div><\/div>\n<div class=\"col-md-6 col-sm-6 col-xs-12 pt-cv-content-item pt-cv-1-col\" ><div class='pt-cv-ifield'><a href=\"http:\/\/scn-rando.fr\/index.php\/2024\/02\/20\/sejour-octobre-2023-escapade-automnale-a-rosas-costa-brava\/\" class=\"_self pt-cv-href-thumbnail pt-cv-thumb-default\" target=\"_self\" ><img loading=\"lazy\" decoding=\"async\" width=\"300\" height=\"225\" src=\"http:\/\/scn-rando.fr\/wp-content\/uploads\/2024\/02\/WhatsApp-Image-2023-10-04-a-12.58.23_dc490ced-Copie-300x225.jpg\" class=\"pt-cv-thumbnail\" alt=\"\" srcset=\"http:\/\/scn-rando.fr\/wp-content\/uploads\/2024\/02\/WhatsApp-Image-2023-10-04-a-12.58.23_dc490ced-Copie-300x225.jpg 300w, http:\/\/scn-rando.fr\/wp-content\/uploads\/2024\/02\/WhatsApp-Image-2023-10-04-a-12.58.23_dc490ced-Copie-768x576.jpg 768w, http:\/\/scn-rando.fr\/wp-content\/uploads\/2024\/02\/WhatsApp-Image-2023-10-04-a-12.58.23_dc490ced-Copie-400x300.jpg 400w, http:\/\/scn-rando.fr\/wp-content\/uploads\/2024\/02\/WhatsApp-Image-2023-10-04-a-12.58.23_dc490ced-Copie.jpg 1024w\" sizes=\"(max-width: 300px) 100vw, 300px\" \/><\/a>\n<h4 class=\"pt-cv-title\"><a href=\"http:\/\/scn-rando.fr\/index.php\/2024\/02\/20\/sejour-octobre-2023-escapade-automnale-a-rosas-costa-brava\/\" class=\"_self\" target=\"_self\" >S\u00e9jour octobre 2023 &#8211; Escapade Automnale \u00e0 Rosas (Costa Brava)<\/a><\/h4>\n<div class=\"pt-cv-content\">Ce s\u00e9jour organis\u00e9 par SCN-RANDO se d\u00e9roulera \u00e0 partir de l\u2019h\u00f4tel SPA MONTECARLO, av de la platja santa Margarita, 17480 ...<br \/><div class=\"pt-cv-rmwrap\"><a href=\"http:\/\/scn-rando.fr\/index.php\/2024\/02\/20\/sejour-octobre-2023-escapade-automnale-a-rosas-costa-brava\/\" class=\"_self pt-cv-readmore btn btn-success\" target=\"_self\">Lire La Suite\u2026<\/a><\/div><\/div><\/div><\/div>\n<div class=\"col-md-6 col-sm-6 col-xs-12 pt-cv-content-item pt-cv-1-col\" ><div class='pt-cv-ifield'><a href=\"http:\/\/scn-rando.fr\/index.php\/2024\/02\/20\/sejour-mai-2023-dans-les-gorges-du-tarn-et-de-la-jonte\/\" class=\"_self pt-cv-href-thumbnail pt-cv-thumb-default\" target=\"_self\" ><img loading=\"lazy\" decoding=\"async\" width=\"300\" height=\"146\" src=\"http:\/\/scn-rando.fr\/wp-content\/uploads\/2024\/02\/vue-impressionnante-sur-le-trou-de-Bouzouls-300x146.jpg\" class=\"pt-cv-thumbnail\" alt=\"\" srcset=\"http:\/\/scn-rando.fr\/wp-content\/uploads\/2024\/02\/vue-impressionnante-sur-le-trou-de-Bouzouls-300x146.jpg 300w, http:\/\/scn-rando.fr\/wp-content\/uploads\/2024\/02\/vue-impressionnante-sur-le-trou-de-Bouzouls-1024x498.jpg 1024w, http:\/\/scn-rando.fr\/wp-content\/uploads\/2024\/02\/vue-impressionnante-sur-le-trou-de-Bouzouls-768x373.jpg 768w, http:\/\/scn-rando.fr\/wp-content\/uploads\/2024\/02\/vue-impressionnante-sur-le-trou-de-Bouzouls-1536x747.jpg 1536w, http:\/\/scn-rando.fr\/wp-content\/uploads\/2024\/02\/vue-impressionnante-sur-le-trou-de-Bouzouls-400x194.jpg 400w, http:\/\/scn-rando.fr\/wp-content\/uploads\/2024\/02\/vue-impressionnante-sur-le-trou-de-Bouzouls.jpg 2016w\" sizes=\"(max-width: 300px) 100vw, 300px\" \/><\/a>\n<h4 class=\"pt-cv-title\"><a href=\"http:\/\/scn-rando.fr\/index.php\/2024\/02\/20\/sejour-mai-2023-dans-les-gorges-du-tarn-et-de-la-jonte\/\" class=\"_self\" target=\"_self\" >S\u00e9jour Mai 2023 dans les gorges du Tarn et de la Jonte<\/a><\/h4>\n<div class=\"pt-cv-content\">RANDONNER \u2192 S\u2019EMERVEILLER \u2192 PARTAGER Un s\u00e9jour sportif, culturel et touristique entre corniches, gorges et causses loz\u00e9riens qui allie la ...<br \/><div class=\"pt-cv-rmwrap\"><a href=\"http:\/\/scn-rando.fr\/index.php\/2024\/02\/20\/sejour-mai-2023-dans-les-gorges-du-tarn-et-de-la-jonte\/\" class=\"_self pt-cv-readmore btn btn-success\" target=\"_self\">Lire La Suite\u2026<\/a><\/div><\/div><\/div><\/div>\n<div class=\"col-md-6 col-sm-6 col-xs-12 pt-cv-content-item pt-cv-1-col\" ><div class='pt-cv-ifield'><a href=\"http:\/\/scn-rando.fr\/index.php\/2021\/12\/04\/sejour-2022\/\" class=\"_self pt-cv-href-thumbnail pt-cv-thumb-default\" target=\"_self\" ><img loading=\"lazy\" decoding=\"async\" width=\"300\" height=\"75\" src=\"http:\/\/scn-rando.fr\/wp-content\/uploads\/2021\/12\/carcassonneciteimg2043-creditphotojulienrochevilledecarcassonne-300x75.jpg\" class=\"pt-cv-thumbnail\" alt=\"\" srcset=\"http:\/\/scn-rando.fr\/wp-content\/uploads\/2021\/12\/carcassonneciteimg2043-creditphotojulienrochevilledecarcassonne-300x75.jpg 300w, http:\/\/scn-rando.fr\/wp-content\/uploads\/2021\/12\/carcassonneciteimg2043-creditphotojulienrochevilledecarcassonne-1024x256.jpg 1024w, http:\/\/scn-rando.fr\/wp-content\/uploads\/2021\/12\/carcassonneciteimg2043-creditphotojulienrochevilledecarcassonne-768x192.jpg 768w, http:\/\/scn-rando.fr\/wp-content\/uploads\/2021\/12\/carcassonneciteimg2043-creditphotojulienrochevilledecarcassonne-1536x384.jpg 1536w, http:\/\/scn-rando.fr\/wp-content\/uploads\/2021\/12\/carcassonneciteimg2043-creditphotojulienrochevilledecarcassonne-400x100.jpg 400w, http:\/\/scn-rando.fr\/wp-content\/uploads\/2021\/12\/carcassonneciteimg2043-creditphotojulienrochevilledecarcassonne.jpg 1920w\" sizes=\"(max-width: 300px) 100vw, 300px\" \/><\/a>\n<h4 class=\"pt-cv-title\"><a href=\"http:\/\/scn-rando.fr\/index.php\/2021\/12\/04\/sejour-2022\/\" class=\"_self\" target=\"_self\" >S\u00e9jour 2022 Verzeille Domaine de Pommayrac dans l&rsquo;Aude<\/a><\/h4>\n<div class=\"pt-cv-content\">SEJOUR COHESION : \u00ab ESCAPADE AUTOUR DE CARCASSONNE \u00bb Pour juin 2022, l\u2019association SCN-RANDO \u00ab l\u2019\u00e9chapp\u00e9e occitane \u00bb vous propose ...<br \/><div class=\"pt-cv-rmwrap\"><a href=\"http:\/\/scn-rando.fr\/index.php\/2021\/12\/04\/sejour-2022\/\" class=\"_self pt-cv-readmore btn btn-success\" target=\"_self\">Lire La Suite\u2026<\/a><\/div><\/div><\/div><\/div>\n<div class=\"col-md-6 col-sm-6 col-xs-12 pt-cv-content-item pt-cv-1-col\" ><div class='pt-cv-ifield'><a href=\"http:\/\/scn-rando.fr\/index.php\/2021\/03\/22\/sejour-2021\/\" class=\"_self pt-cv-href-thumbnail pt-cv-thumb-default\" target=\"_self\" ><img loading=\"lazy\" decoding=\"async\" width=\"300\" height=\"168\" src=\"http:\/\/scn-rando.fr\/wp-content\/uploads\/2021\/03\/1498562674.chateau.au_.dessus.de_.la_.ville_-300x168.jpg\" class=\"pt-cv-thumbnail\" alt=\"\" srcset=\"http:\/\/scn-rando.fr\/wp-content\/uploads\/2021\/03\/1498562674.chateau.au_.dessus.de_.la_.ville_-300x168.jpg 300w, http:\/\/scn-rando.fr\/wp-content\/uploads\/2021\/03\/1498562674.chateau.au_.dessus.de_.la_.ville_-400x225.jpg 400w, http:\/\/scn-rando.fr\/wp-content\/uploads\/2021\/03\/1498562674.chateau.au_.dessus.de_.la_.ville_.jpg 750w\" sizes=\"(max-width: 300px) 100vw, 300px\" \/><\/a>\n<h4 class=\"pt-cv-title\"><a href=\"http:\/\/scn-rando.fr\/index.php\/2021\/03\/22\/sejour-2021\/\" class=\"_self\" target=\"_self\" >S\u00c9JOUR 2021<\/a><\/h4>\n<div class=\"pt-cv-content\">SEJOUR ANNUEL DU 12 AU 19 JUIN 2021 DANS LE HAUT LANGUEDOC,\u00a0SPORTIF ET CONVIVIAL AU \u00ab PARADIS DES RANDONNEURS \u00bb ...<br \/><div class=\"pt-cv-rmwrap\"><a href=\"http:\/\/scn-rando.fr\/index.php\/2021\/03\/22\/sejour-2021\/\" class=\"_self pt-cv-readmore btn btn-success\" target=\"_self\">Lire La Suite\u2026<\/a><\/div><\/div><\/div><\/div>\n<div class=\"col-md-6 col-sm-6 col-xs-12 pt-cv-content-item pt-cv-1-col\" ><div class='pt-cv-ifield'><a href=\"http:\/\/scn-rando.fr\/index.php\/2019\/11\/10\/sejour-2020\/\" class=\"_self pt-cv-href-thumbnail pt-cv-thumb-default\" target=\"_self\" ><img loading=\"lazy\" decoding=\"async\" width=\"300\" height=\"161\" src=\"http:\/\/scn-rando.fr\/wp-content\/uploads\/2019\/11\/D\u00e9but-2-300x161.jpg\" class=\"pt-cv-thumbnail\" alt=\"\" srcset=\"http:\/\/scn-rando.fr\/wp-content\/uploads\/2019\/11\/D\u00e9but-2-300x161.jpg 300w, http:\/\/scn-rando.fr\/wp-content\/uploads\/2019\/11\/D\u00e9but-2-768x413.jpg 768w, http:\/\/scn-rando.fr\/wp-content\/uploads\/2019\/11\/D\u00e9but-2-400x215.jpg 400w, http:\/\/scn-rando.fr\/wp-content\/uploads\/2019\/11\/D\u00e9but-2.jpg 880w\" sizes=\"(max-width: 300px) 100vw, 300px\" \/><\/a>\n<h4 class=\"pt-cv-title\"><a href=\"http:\/\/scn-rando.fr\/index.php\/2019\/11\/10\/sejour-2020\/\" class=\"_self\" target=\"_self\" >S\u00e9jour 2020   &#8212;   Annul\u00e9 cause COVID<\/a><\/h4>\n<div class=\"pt-cv-content\">SEJOUR ANNUEL DU 13 AU 20 JUIN 2020 DANS LE HAUT LANGUEDOC. (Annul\u00e9) ...<br \/><div class=\"pt-cv-rmwrap\"><a href=\"http:\/\/scn-rando.fr\/index.php\/2019\/11\/10\/sejour-2020\/\" class=\"_self pt-cv-readmore btn btn-success\" target=\"_self\">Lire La Suite\u2026<\/a><\/div><\/div><\/div><\/div>\n<div class=\"col-md-6 col-sm-6 col-xs-12 pt-cv-content-item pt-cv-1-col\" ><div class='pt-cv-ifield'><a href=\"http:\/\/scn-rando.fr\/index.php\/2019\/09\/29\/sejour-2019\/\" class=\"_self pt-cv-href-thumbnail pt-cv-thumb-default\" target=\"_self\" ><img loading=\"lazy\" decoding=\"async\" width=\"300\" height=\"200\" src=\"http:\/\/scn-rando.fr\/wp-content\/uploads\/2019\/09\/Lac-dAYOUS-6-300x200.jpg\" class=\"pt-cv-thumbnail\" alt=\"\" srcset=\"http:\/\/scn-rando.fr\/wp-content\/uploads\/2019\/09\/Lac-dAYOUS-6-300x200.jpg 300w, http:\/\/scn-rando.fr\/wp-content\/uploads\/2019\/09\/Lac-dAYOUS-6-768x512.jpg 768w, http:\/\/scn-rando.fr\/wp-content\/uploads\/2019\/09\/Lac-dAYOUS-6-1024x683.jpg 1024w\" sizes=\"(max-width: 300px) 100vw, 300px\" \/><\/a>\n<h4 class=\"pt-cv-title\"><a href=\"http:\/\/scn-rando.fr\/index.php\/2019\/09\/29\/sejour-2019\/\" class=\"_self\" target=\"_self\" >S\u00e9jour 2019<\/a><\/h4>\n<div class=\"pt-cv-content\">SEJOUR DANS LA VALLEE D'OSSAU ...<br \/><div class=\"pt-cv-rmwrap\"><a href=\"http:\/\/scn-rando.fr\/index.php\/2019\/09\/29\/sejour-2019\/\" class=\"_self pt-cv-readmore btn btn-success\" target=\"_self\">Lire La Suite\u2026<\/a><\/div><\/div><\/div><\/div><\/div><\/div><\/div><\/p>\n","protected":false},"excerpt":{"rendered":"","protected":false},"author":2,"featured_media":0,"parent":0,"menu_order":0,"comment_status":"closed","ping_status":"closed","template":"","meta":{"ngg_post_thumbnail":0,"footnotes":""},"class_list":["post-2103","page","type-page","status-publish","hentry"],"jetpack_sharing_enabled":true,"_links":{"self":[{"href":"http:\/\/scn-rando.fr\/index.php\/wp-json\/wp\/v2\/pages\/2103"}],"collection":[{"href":"http:\/\/scn-rando.fr\/index.php\/wp-json\/wp\/v2\/pages"}],"about":[{"href":"http:\/\/scn-rando.fr\/index.php\/wp-json\/wp\/v2\/types\/page"}],"author":[{"embeddable":true,"href":"http:\/\/scn-rando.fr\/index.php\/wp-json\/wp\/v2\/users\/2"}],"replies":[{"embeddable":true,"href":"http:\/\/scn-rando.fr\/index.php\/wp-json\/wp\/v2\/comments?post=2103"}],"version-history":[{"count":1,"href":"http:\/\/scn-rando.fr\/index.php\/wp-json\/wp\/v2\/pages\/2103\/revisions"}],"predecessor-version":[{"id":2105,"href":"http:\/\/scn-rando.fr\/index.php\/wp-json\/wp\/v2\/pages\/2103\/revisions\/2105"}],"wp:attachment":[{"href":"http:\/\/scn-rando.fr\/index.php\/wp-json\/wp\/v2\/media?parent=2103"}],"curies":[{"name":"wp","href":"https:\/\/api.w.org\/{rel}","templated":true}]}}