{"id":2095,"date":"2021-11-21T18:16:13","date_gmt":"2021-11-21T17:16:13","guid":{"rendered":"http:\/\/scn-rando.fr\/?page_id=2095"},"modified":"2021-11-21T23:51:45","modified_gmt":"2021-11-21T22:51:45","slug":"grille-rando","status":"publish","type":"page","link":"http:\/\/scn-rando.fr\/index.php\/grille-rando\/","title":{"rendered":"Nos randonn\u00e9es hebdomadaires"},"content":{"rendered":"<div class=\"pt-cv-wrapper\"><div class=\"pt-cv-view pt-cv-grid pt-cv-colsys\" id=\"pt-cv-view-46a8dd5yfm\"><div data-id=\"pt-cv-page-1\" class=\"pt-cv-page\" data-cvc=\"2\"><div class=\"col-md-6 col-sm-6 col-xs-12 pt-cv-content-item pt-cv-1-col\" ><div class='pt-cv-ifield'><a href=\"http:\/\/scn-rando.fr\/index.php\/2021\/03\/21\/randonnee-la-cite-aux-cent-ogives-cordes-s-ciel-le-04-03-21\/\" class=\"_self pt-cv-href-thumbnail pt-cv-thumb-default\" target=\"_self\" ><img loading=\"lazy\" decoding=\"async\" width=\"300\" height=\"183\" src=\"http:\/\/scn-rando.fr\/wp-content\/uploads\/2021\/03\/Debut-300x183.jpg\" class=\"pt-cv-thumbnail\" alt=\"\" srcset=\"http:\/\/scn-rando.fr\/wp-content\/uploads\/2021\/03\/Debut-300x183.jpg 300w, http:\/\/scn-rando.fr\/wp-content\/uploads\/2021\/03\/Debut-768x468.jpg 768w, http:\/\/scn-rando.fr\/wp-content\/uploads\/2021\/03\/Debut-400x244.jpg 400w, http:\/\/scn-rando.fr\/wp-content\/uploads\/2021\/03\/Debut.jpg 806w\" sizes=\"(max-width: 300px) 100vw, 300px\" \/><\/a>\n<h4 class=\"pt-cv-title\"><a href=\"http:\/\/scn-rando.fr\/index.php\/2021\/03\/21\/randonnee-la-cite-aux-cent-ogives-cordes-s-ciel-le-04-03-21\/\" class=\"_self\" target=\"_self\" >RANDONN\u00c9E  \u00ab LA CITE AUX CENT OGIVES &#8211; CORDES S\/CIEL\u00bb LE 04\/03\/21.<\/a><\/h4>\n<div class=\"pt-cv-content\">Distance\u00a0: 17,6 km D\u00e9nivel\u00e9\u00a0: 433 m Dur\u00e9e\u00a0:\u00a0 5 H Participants 16 : Sylvie, Maryse-C, Nadine, Fran\u00e7oise-LD, Nathalie, Maria, Julia, Claire, ...<br \/><div class=\"pt-cv-rmwrap\"><a href=\"http:\/\/scn-rando.fr\/index.php\/2021\/03\/21\/randonnee-la-cite-aux-cent-ogives-cordes-s-ciel-le-04-03-21\/\" class=\"_self pt-cv-readmore btn btn-success\" target=\"_self\">Lire La Suite\u2026<\/a><\/div><\/div><\/div><\/div>\n<div class=\"col-md-6 col-sm-6 col-xs-12 pt-cv-content-item pt-cv-1-col\" ><div class='pt-cv-ifield'><a href=\"http:\/\/scn-rando.fr\/index.php\/2021\/02\/21\/randonnee-chemin-de-la-vere-cahuzac-sur-vere-le-04-02-21\/\" class=\"_self pt-cv-href-thumbnail pt-cv-thumb-default\" target=\"_self\" ><img loading=\"lazy\" decoding=\"async\" width=\"300\" height=\"228\" src=\"http:\/\/scn-rando.fr\/wp-content\/uploads\/2021\/02\/Debut-300x228.jpg\" class=\"pt-cv-thumbnail\" alt=\"\" srcset=\"http:\/\/scn-rando.fr\/wp-content\/uploads\/2021\/02\/Debut-300x228.jpg 300w, http:\/\/scn-rando.fr\/wp-content\/uploads\/2021\/02\/Debut-400x304.jpg 400w, http:\/\/scn-rando.fr\/wp-content\/uploads\/2021\/02\/Debut.jpg 735w\" sizes=\"(max-width: 300px) 100vw, 300px\" \/><\/a>\n<h4 class=\"pt-cv-title\"><a href=\"http:\/\/scn-rando.fr\/index.php\/2021\/02\/21\/randonnee-chemin-de-la-vere-cahuzac-sur-vere-le-04-02-21\/\" class=\"_self\" target=\"_self\" >RANDONNEE \u00ab Chemin de la Vere &#8211; Cahuzac sur Vere \u00bb LE 04-02-21.<\/a><\/h4>\n<div class=\"pt-cv-content\">Distance\u00a0: 14 km. Dur\u00e9e\u00a0:\u00a0 4h30. D\u00e9nivel\u00e9\u00a0: 303 m Participants\u00a0; Nadine, Fran\u00e7oise LD, Sylvie, Maryse, Claire, Nathalie, Maria, Lulu, Antoine, Francis, ...<br \/><div class=\"pt-cv-rmwrap\"><a href=\"http:\/\/scn-rando.fr\/index.php\/2021\/02\/21\/randonnee-chemin-de-la-vere-cahuzac-sur-vere-le-04-02-21\/\" class=\"_self pt-cv-readmore btn btn-success\" target=\"_self\">Lire La Suite\u2026<\/a><\/div><\/div><\/div><\/div>\n<div class=\"col-md-6 col-sm-6 col-xs-12 pt-cv-content-item pt-cv-1-col\" ><div class='pt-cv-ifield'><a href=\"http:\/\/scn-rando.fr\/index.php\/2020\/10\/18\/randonnee-aujols-laburgade-chemin-des-puits-et-des-lavoirs-le-08-10-20\/\" class=\"_self pt-cv-href-thumbnail pt-cv-thumb-default\" target=\"_self\" ><img loading=\"lazy\" decoding=\"async\" width=\"300\" height=\"203\" src=\"http:\/\/scn-rando.fr\/wp-content\/uploads\/2020\/10\/Debut-300x203.jpg\" class=\"pt-cv-thumbnail\" alt=\"\" srcset=\"http:\/\/scn-rando.fr\/wp-content\/uploads\/2020\/10\/Debut-300x203.jpg 300w, http:\/\/scn-rando.fr\/wp-content\/uploads\/2020\/10\/Debut-400x270.jpg 400w, http:\/\/scn-rando.fr\/wp-content\/uploads\/2020\/10\/Debut.jpg 742w\" sizes=\"(max-width: 300px) 100vw, 300px\" \/><\/a>\n<h4 class=\"pt-cv-title\"><a href=\"http:\/\/scn-rando.fr\/index.php\/2020\/10\/18\/randonnee-aujols-laburgade-chemin-des-puits-et-des-lavoirs-le-08-10-20\/\" class=\"_self\" target=\"_self\" >RANDONNEE  \u00ab AUJOLS-LABURGADE \u00bb  LE 08-10-20.<\/a><\/h4>\n<div class=\"pt-cv-content\">(Chemin des puits et des lavoirs) Distance\u00a0: 11 kms. Dur\u00e9e\u00a0:\u00a0\u00a0\u00a0\u00a0 3H15. D\u00e9nivel\u00e9\u00a0: 120 m Participants\u00a0: Nadine, Claire, Maria, Fran\u00e7oise, Lulu, ...<br \/><div class=\"pt-cv-rmwrap\"><a href=\"http:\/\/scn-rando.fr\/index.php\/2020\/10\/18\/randonnee-aujols-laburgade-chemin-des-puits-et-des-lavoirs-le-08-10-20\/\" class=\"_self pt-cv-readmore btn btn-success\" target=\"_self\">Lire La Suite\u2026<\/a><\/div><\/div><\/div><\/div>\n<div class=\"col-md-6 col-sm-6 col-xs-12 pt-cv-content-item pt-cv-1-col\" ><div class='pt-cv-ifield'><a href=\"http:\/\/scn-rando.fr\/index.php\/2020\/08\/24\/randonnee-espinas-sources-de-caudesaygues-le-26-02-20\/\" class=\"_self pt-cv-href-thumbnail pt-cv-thumb-default\" target=\"_self\" ><img loading=\"lazy\" decoding=\"async\" width=\"300\" height=\"169\" src=\"http:\/\/scn-rando.fr\/wp-content\/uploads\/2020\/08\/Espinas-08-300x169.jpg\" class=\"pt-cv-thumbnail\" alt=\"\" srcset=\"http:\/\/scn-rando.fr\/wp-content\/uploads\/2020\/08\/Espinas-08-300x169.jpg 300w, http:\/\/scn-rando.fr\/wp-content\/uploads\/2020\/08\/Espinas-08-768x432.jpg 768w, http:\/\/scn-rando.fr\/wp-content\/uploads\/2020\/08\/Espinas-08-400x225.jpg 400w, http:\/\/scn-rando.fr\/wp-content\/uploads\/2020\/08\/Espinas-08.jpg 949w\" sizes=\"(max-width: 300px) 100vw, 300px\" \/><\/a>\n<h4 class=\"pt-cv-title\"><a href=\"http:\/\/scn-rando.fr\/index.php\/2020\/08\/24\/randonnee-espinas-sources-de-caudesaygues-le-26-02-20\/\" class=\"_self\" target=\"_self\" >RANDONN\u00c9E  \u00ab\u00a0ESPINAS &#8211; SOURCES de CAUDESAYGUES\u00a0\u00bb le 26-02-20<\/a><\/h4>\n<div class=\"pt-cv-content\">Distance\u00a0: 12,5 kms. D\u00e9nivel\u00e9\u00a0: 385 m. Dur\u00e9e\u00a0: 3 H 40. Participants\u00a0:\u00a0 Fran\u00e7oise LD, Julia, Marise, Claude M, Sylvie, Claire, Nadine, ...<br \/><div class=\"pt-cv-rmwrap\"><a href=\"http:\/\/scn-rando.fr\/index.php\/2020\/08\/24\/randonnee-espinas-sources-de-caudesaygues-le-26-02-20\/\" class=\"_self pt-cv-readmore btn btn-success\" target=\"_self\">Lire La Suite\u2026<\/a><\/div><\/div><\/div><\/div>\n<div class=\"col-md-6 col-sm-6 col-xs-12 pt-cv-content-item pt-cv-1-col\" ><div class='pt-cv-ifield'><a href=\"http:\/\/scn-rando.fr\/index.php\/2020\/08\/24\/randonnee-lalbenque-circuit-des-truffieres-le-19-02-20\/\" class=\"_self pt-cv-href-thumbnail pt-cv-thumb-default\" target=\"_self\" ><img loading=\"lazy\" decoding=\"async\" width=\"300\" height=\"169\" src=\"http:\/\/scn-rando.fr\/wp-content\/uploads\/2020\/08\/Lalbenque-04-300x169.jpg\" class=\"pt-cv-thumbnail\" alt=\"\" srcset=\"http:\/\/scn-rando.fr\/wp-content\/uploads\/2020\/08\/Lalbenque-04-300x169.jpg 300w, http:\/\/scn-rando.fr\/wp-content\/uploads\/2020\/08\/Lalbenque-04-768x432.jpg 768w, http:\/\/scn-rando.fr\/wp-content\/uploads\/2020\/08\/Lalbenque-04-400x225.jpg 400w, http:\/\/scn-rando.fr\/wp-content\/uploads\/2020\/08\/Lalbenque-04-rotated.jpg 866w\" sizes=\"(max-width: 300px) 100vw, 300px\" \/><\/a>\n<h4 class=\"pt-cv-title\"><a href=\"http:\/\/scn-rando.fr\/index.php\/2020\/08\/24\/randonnee-lalbenque-circuit-des-truffieres-le-19-02-20\/\" class=\"_self\" target=\"_self\" >RANDONN\u00c9E  \u00ab\u00a0LALBENQUE &#8211; Circuit des truffi\u00e8res\u00a0\u00bb le 19-02-20<\/a><\/h4>\n<div class=\"pt-cv-content\">Distance\u00a0: 18,5 kms. D\u00e9nivel\u00e9\u00a0:\u00a0 160 m. Dur\u00e9e\u00a0: 5H30. Participants\u00a0: 9 - Claire, Fran\u00e7oise LD, Julia, Brigitte, Nadine, H\u00e9lo\u00efse, Francis, Jean- ...<br \/><div class=\"pt-cv-rmwrap\"><a href=\"http:\/\/scn-rando.fr\/index.php\/2020\/08\/24\/randonnee-lalbenque-circuit-des-truffieres-le-19-02-20\/\" class=\"_self pt-cv-readmore btn btn-success\" target=\"_self\">Lire La Suite\u2026<\/a><\/div><\/div><\/div><\/div>\n<div class=\"col-md-6 col-sm-6 col-xs-12 pt-cv-content-item pt-cv-1-col\" ><div class='pt-cv-ifield'><a href=\"http:\/\/scn-rando.fr\/index.php\/2020\/08\/24\/randonnee-boucle-de-st-symphorien-le-12-02-20\/\" class=\"_self pt-cv-href-thumbnail pt-cv-thumb-default\" target=\"_self\" ><img loading=\"lazy\" decoding=\"async\" width=\"300\" height=\"169\" src=\"http:\/\/scn-rando.fr\/wp-content\/uploads\/2020\/08\/DEBUT-300x169.jpg\" class=\"pt-cv-thumbnail\" alt=\"\" srcset=\"http:\/\/scn-rando.fr\/wp-content\/uploads\/2020\/08\/DEBUT-300x169.jpg 300w, http:\/\/scn-rando.fr\/wp-content\/uploads\/2020\/08\/DEBUT-768x432.jpg 768w, http:\/\/scn-rando.fr\/wp-content\/uploads\/2020\/08\/DEBUT-400x225.jpg 400w, http:\/\/scn-rando.fr\/wp-content\/uploads\/2020\/08\/DEBUT.jpg 825w\" sizes=\"(max-width: 300px) 100vw, 300px\" \/><\/a>\n<h4 class=\"pt-cv-title\"><a href=\"http:\/\/scn-rando.fr\/index.php\/2020\/08\/24\/randonnee-boucle-de-st-symphorien-le-12-02-20\/\" class=\"_self\" target=\"_self\" >RANDONN\u00c9E  \u00ab\u00a0BOUCLE de ST SYMPHORIEN\u00a0\u00bb le 12-02-20<\/a><\/h4>\n<div class=\"pt-cv-content\">Distance\u00a0: 12 kms D\u00e9nivel\u00e9\u00a0: 137 m Dur\u00e9e\u00a0: 3 H Participants\u00a0: JEANINE, JULIA, FRANCOISE, CLAIRE, JEAN-PAUL C, JEAN-LOUIS, BERNARD. Une jolie ...<br \/><div class=\"pt-cv-rmwrap\"><a href=\"http:\/\/scn-rando.fr\/index.php\/2020\/08\/24\/randonnee-boucle-de-st-symphorien-le-12-02-20\/\" class=\"_self pt-cv-readmore btn btn-success\" target=\"_self\">Lire La Suite\u2026<\/a><\/div><\/div><\/div><\/div>\n<div class=\"col-md-6 col-sm-6 col-xs-12 pt-cv-content-item pt-cv-1-col\" ><div class='pt-cv-ifield'><a href=\"http:\/\/scn-rando.fr\/index.php\/2020\/08\/24\/randonnee-des-4-communes-st-georges-le-05-02-20\/\" class=\"_self pt-cv-href-thumbnail pt-cv-thumb-default\" target=\"_self\" ><img loading=\"lazy\" decoding=\"async\" width=\"300\" height=\"135\" src=\"http:\/\/scn-rando.fr\/wp-content\/uploads\/2020\/08\/4-Communes-debut-1-300x135.jpg\" class=\"pt-cv-thumbnail\" alt=\"\" srcset=\"http:\/\/scn-rando.fr\/wp-content\/uploads\/2020\/08\/4-Communes-debut-1-300x135.jpg 300w, http:\/\/scn-rando.fr\/wp-content\/uploads\/2020\/08\/4-Communes-debut-1-768x346.jpg 768w, http:\/\/scn-rando.fr\/wp-content\/uploads\/2020\/08\/4-Communes-debut-1-400x180.jpg 400w, http:\/\/scn-rando.fr\/wp-content\/uploads\/2020\/08\/4-Communes-debut-1.jpg 818w\" sizes=\"(max-width: 300px) 100vw, 300px\" \/><\/a>\n<h4 class=\"pt-cv-title\"><a href=\"http:\/\/scn-rando.fr\/index.php\/2020\/08\/24\/randonnee-des-4-communes-st-georges-le-05-02-20\/\" class=\"_self\" target=\"_self\" >RANDONN\u00c9E  \u00ab\u00a0DES 4 COMMUNES ST GEORGES\u00a0\u00bb le 05-02-20<\/a><\/h4>\n<div class=\"pt-cv-content\">Distance\u00a0: 17 kms D\u00e9nivel\u00e9\u00a0: 140 m Dur\u00e9e\u00a0: 6 H Participants\u00a0: Fran\u00e7oise L, Claire, Norbert, Jean-Paul C, Bernard. D\u00e9part du petit ...<br \/><div class=\"pt-cv-rmwrap\"><a href=\"http:\/\/scn-rando.fr\/index.php\/2020\/08\/24\/randonnee-des-4-communes-st-georges-le-05-02-20\/\" class=\"_self pt-cv-readmore btn btn-success\" target=\"_self\">Lire La Suite\u2026<\/a><\/div><\/div><\/div><\/div>\n<div class=\"col-md-6 col-sm-6 col-xs-12 pt-cv-content-item pt-cv-1-col\" ><div class='pt-cv-ifield'><a href=\"http:\/\/scn-rando.fr\/index.php\/2020\/08\/24\/randonnee-circuit-des-7-perdrix-bruniquel-montricoux-le-29-01-20\/\" class=\"_self pt-cv-href-thumbnail pt-cv-thumb-default\" target=\"_self\" ><img loading=\"lazy\" decoding=\"async\" width=\"300\" height=\"169\" src=\"http:\/\/scn-rando.fr\/wp-content\/uploads\/2020\/08\/7-Perdrix-3-300x169.jpg\" class=\"pt-cv-thumbnail\" alt=\"\" srcset=\"http:\/\/scn-rando.fr\/wp-content\/uploads\/2020\/08\/7-Perdrix-3-300x169.jpg 300w, http:\/\/scn-rando.fr\/wp-content\/uploads\/2020\/08\/7-Perdrix-3-768x432.jpg 768w, http:\/\/scn-rando.fr\/wp-content\/uploads\/2020\/08\/7-Perdrix-3-400x225.jpg 400w, http:\/\/scn-rando.fr\/wp-content\/uploads\/2020\/08\/7-Perdrix-3.jpg 840w\" sizes=\"(max-width: 300px) 100vw, 300px\" \/><\/a>\n<h4 class=\"pt-cv-title\"><a href=\"http:\/\/scn-rando.fr\/index.php\/2020\/08\/24\/randonnee-circuit-des-7-perdrix-bruniquel-montricoux-le-29-01-20\/\" class=\"_self\" target=\"_self\" >RANDONNEE  \u00ab\u00a0CIRCUIT DES 7 PERDRIX, BRUNIQUEL-MONTRICOUX\u00a0\u00bb le 29-01-20<\/a><\/h4>\n<div class=\"pt-cv-content\">Distance\u00a0: 19 kms D\u00e9nivel\u00e9\u00a0: 377 m Dur\u00e9e\u00a0: 6H Participants\u00a0: Claire, Julia, Monique, Fran\u00e7oise, Jean-Paul C., Bernard. D\u00e9part de l\u2019\u00e9cole de ...<br \/><div class=\"pt-cv-rmwrap\"><a href=\"http:\/\/scn-rando.fr\/index.php\/2020\/08\/24\/randonnee-circuit-des-7-perdrix-bruniquel-montricoux-le-29-01-20\/\" class=\"_self pt-cv-readmore btn btn-success\" target=\"_self\">Lire La Suite\u2026<\/a><\/div><\/div><\/div><\/div>\n<div class=\"col-md-6 col-sm-6 col-xs-12 pt-cv-content-item pt-cv-1-col\" ><div class='pt-cv-ifield'><a href=\"http:\/\/scn-rando.fr\/index.php\/2020\/01\/25\/randonnee-septfonds-circuit-peyrelevade-le-22-01-20\/\" class=\"_self pt-cv-href-thumbnail pt-cv-thumb-default\" target=\"_self\" ><img loading=\"lazy\" decoding=\"async\" width=\"300\" height=\"169\" src=\"http:\/\/scn-rando.fr\/wp-content\/uploads\/2020\/08\/Peyrelevade-2-300x169.jpg\" class=\"pt-cv-thumbnail\" alt=\"\" srcset=\"http:\/\/scn-rando.fr\/wp-content\/uploads\/2020\/08\/Peyrelevade-2-300x169.jpg 300w, http:\/\/scn-rando.fr\/wp-content\/uploads\/2020\/08\/Peyrelevade-2-768x432.jpg 768w, http:\/\/scn-rando.fr\/wp-content\/uploads\/2020\/08\/Peyrelevade-2-400x225.jpg 400w, http:\/\/scn-rando.fr\/wp-content\/uploads\/2020\/08\/Peyrelevade-2.jpg 866w\" sizes=\"(max-width: 300px) 100vw, 300px\" \/><\/a>\n<h4 class=\"pt-cv-title\"><a href=\"http:\/\/scn-rando.fr\/index.php\/2020\/01\/25\/randonnee-septfonds-circuit-peyrelevade-le-22-01-20\/\" class=\"_self\" target=\"_self\" >RANDONNEE  \u00ab\u00a0SEPTFONDS &#8211; CIRCUIT PEYRELEVADE\u00a0\u00bb  le 22-01-20<\/a><\/h4>\n<div class=\"pt-cv-content\">Parcours : 10,5 km Dur\u00e9e : 2 H 30 D\u00e9nivel\u00e9 : circuit plat. Participants : 14 : Claire, Francine, Maryse, ...<br \/><div class=\"pt-cv-rmwrap\"><a href=\"http:\/\/scn-rando.fr\/index.php\/2020\/01\/25\/randonnee-septfonds-circuit-peyrelevade-le-22-01-20\/\" class=\"_self pt-cv-readmore btn btn-success\" target=\"_self\">Lire La Suite\u2026<\/a><\/div><\/div><\/div><\/div>\n<div class=\"col-md-6 col-sm-6 col-xs-12 pt-cv-content-item pt-cv-1-col\" ><div class='pt-cv-ifield'><a href=\"http:\/\/scn-rando.fr\/index.php\/2019\/12\/23\/randonnee-verfeil-sur-seye-le-chemin-de-la-blaye-le-18-12-19\/\" class=\"_self pt-cv-href-thumbnail pt-cv-thumb-default\" target=\"_self\" ><img loading=\"lazy\" decoding=\"async\" width=\"300\" height=\"169\" src=\"http:\/\/scn-rando.fr\/wp-content\/uploads\/2020\/08\/Verfeil-Debut-300x169.jpg\" class=\"pt-cv-thumbnail\" alt=\"\" srcset=\"http:\/\/scn-rando.fr\/wp-content\/uploads\/2020\/08\/Verfeil-Debut-300x169.jpg 300w, http:\/\/scn-rando.fr\/wp-content\/uploads\/2020\/08\/Verfeil-Debut-768x432.jpg 768w, http:\/\/scn-rando.fr\/wp-content\/uploads\/2020\/08\/Verfeil-Debut-400x225.jpg 400w, http:\/\/scn-rando.fr\/wp-content\/uploads\/2020\/08\/Verfeil-Debut.jpg 825w\" sizes=\"(max-width: 300px) 100vw, 300px\" \/><\/a>\n<h4 class=\"pt-cv-title\"><a href=\"http:\/\/scn-rando.fr\/index.php\/2019\/12\/23\/randonnee-verfeil-sur-seye-le-chemin-de-la-blaye-le-18-12-19\/\" class=\"_self\" target=\"_self\" >RANDONNEE \u00ab\u00a0VERFEIL SUR SEYE : LE CHEMIN DE LA BLAYE\u00a0\u00bb LE 18-12-19<\/a><\/h4>\n<div class=\"pt-cv-content\">Distance\u00a0: 17 kms. Dur\u00e9e\u00a0: 6 H D\u00e9nivel\u00e9\u00a0: 502 m Participants\u00a0: BRIGITTE, NADINE, CLAIRE, JULIA, NORBERT, JEAN-PAUL CAST, BERNARD. Notre d\u00e9part ...<br \/><div class=\"pt-cv-rmwrap\"><a href=\"http:\/\/scn-rando.fr\/index.php\/2019\/12\/23\/randonnee-verfeil-sur-seye-le-chemin-de-la-blaye-le-18-12-19\/\" class=\"_self pt-cv-readmore btn btn-success\" target=\"_self\">Lire La Suite\u2026<\/a><\/div><\/div><\/div><\/div><\/div><\/div>\n<div class=\" pt-cv-pagination-wrapper\"><ul class=\"pt-cv-pagination pt-cv-ajax pagination\" data-totalpages=\"3\" data-currentpage=\"1\" data-sid=\"46a8dd5yfm\" data-unid=\"\" data-isblock=\"\" data-postid=\"\"><li class=\"active\"><a href=\"#\">1<\/a><\/li>\n\t<li ><a class=\"\" href=\"http:\/\/scn-rando.fr\/index.php\/wp-json\/wp\/v2\/pages\/2095\/?_page=2\">2<\/a><\/li>\n\t<li ><a class=\"\" href=\"http:\/\/scn-rando.fr\/index.php\/wp-json\/wp\/v2\/pages\/2095\/?_page=3\">3<\/a><\/li>\n\t<li ><a class=\" \" href=\"http:\/\/scn-rando.fr\/index.php\/wp-json\/wp\/v2\/pages\/2095\/?_page=2\">&rsaquo;<\/a><\/li>\n\t<\/ul><img loading=\"lazy\" decoding=\"async\" width=\"15\" height=\"15\" class=\"pt-cv-spinner\" alt=\"Chargement\u2026\" src=\"data:image\/gif;base64,R0lGODlhDwAPALMPAMrKygwMDJOTkz09PZWVla+vr3p6euTk5M7OzuXl5TMzMwAAAJmZmWZmZszMzP\/\/\/yH\/C05FVFNDQVBFMi4wAwEAAAAh+QQFCgAPACwAAAAADwAPAAAEQvDJaZaZOIcV8iQK8VRX4iTYoAwZ4iCYoAjZ4RxejhVNoT+mRGP4cyF4Pp0N98sBGIBMEMOotl6YZ3S61Bmbkm4mAgAh+QQFCgAPACwAAAAADQANAAAENPDJSRSZeA418itN8QiK8BiLITVsFiyBBIoYqnoewAD4xPw9iY4XLGYSjkQR4UAUD45DLwIAIfkEBQoADwAsAAAAAA8ACQAABC\/wyVlamTi3nSdgwFNdhEJgTJoNyoB9ISYoQmdjiZPcj7EYCAeCF1gEDo4Dz2eIAAAh+QQFCgAPACwCAAAADQANAAAEM\/DJBxiYeLKdX3IJZT1FU0iIg2RNKx3OkZVnZ98ToRD4MyiDnkAh6BkNC0MvsAj0kMpHBAAh+QQFCgAPACwGAAAACQAPAAAEMDC59KpFDll73HkAA2wVY5KgiK5b0RRoI6MuzG6EQqCDMlSGheEhUAgqgUUAFRySIgAh+QQFCgAPACwCAAIADQANAAAEM\/DJKZNLND\/kkKaHc3xk+QAMYDKsiaqmZCxGVjSFFCxB1vwy2oOgIDxuucxAMTAJFAJNBAAh+QQFCgAPACwAAAYADwAJAAAEMNAs86q1yaWwwv2Ig0jUZx3OYa4XoRAfwADXoAwfo1+CIjyFRuEho60aSNYlOPxEAAAh+QQFCgAPACwAAAIADQANAAAENPA9s4y8+IUVcqaWJ4qEQozSoAzoIyhCK2NFU2SJk0hNnyEOhKR2AzAAj4Pj4GE4W0bkJQIAOw==\" \/><div class=\"clear pt-cv-clear-pagination\"><\/div><\/div><\/div>\n","protected":false},"excerpt":{"rendered":"","protected":false},"author":2,"featured_media":0,"parent":0,"menu_order":0,"comment_status":"closed","ping_status":"closed","template":"","meta":{"ngg_post_thumbnail":0,"footnotes":""},"class_list":["post-2095","page","type-page","status-publish","hentry"],"jetpack_sharing_enabled":true,"_links":{"self":[{"href":"http:\/\/scn-rando.fr\/index.php\/wp-json\/wp\/v2\/pages\/2095"}],"collection":[{"href":"http:\/\/scn-rando.fr\/index.php\/wp-json\/wp\/v2\/pages"}],"about":[{"href":"http:\/\/scn-rando.fr\/index.php\/wp-json\/wp\/v2\/types\/page"}],"author":[{"embeddable":true,"href":"http:\/\/scn-rando.fr\/index.php\/wp-json\/wp\/v2\/users\/2"}],"replies":[{"embeddable":true,"href":"http:\/\/scn-rando.fr\/index.php\/wp-json\/wp\/v2\/comments?post=2095"}],"version-history":[{"count":3,"href":"http:\/\/scn-rando.fr\/index.php\/wp-json\/wp\/v2\/pages\/2095\/revisions"}],"predecessor-version":[{"id":2100,"href":"http:\/\/scn-rando.fr\/index.php\/wp-json\/wp\/v2\/pages\/2095\/revisions\/2100"}],"wp:attachment":[{"href":"http:\/\/scn-rando.fr\/index.php\/wp-json\/wp\/v2\/media?parent=2095"}],"curies":[{"name":"wp","href":"https:\/\/api.w.org\/{rel}","templated":true}]}}