{"id":19,"date":"2019-04-11T12:40:33","date_gmt":"2019-04-11T10:40:33","guid":{"rendered":"http:\/\/scn-rando.fr\/?page_id=19"},"modified":"2026-01-06T13:50:40","modified_gmt":"2026-01-06T12:50:40","slug":"charte-du-randonneur","status":"publish","type":"page","link":"http:\/\/scn-rando.fr\/","title":{"rendered":""},"content":{"rendered":"<p><img loading=\"lazy\" decoding=\"async\" class=\"wp-image-894 size-full aligncenter\" src=\"http:\/\/scn-rando.fr\/wp-content\/uploads\/2019\/11\/bienvenue3.jpg\" alt=\"\" width=\"1240\" height=\"300\" srcset=\"http:\/\/scn-rando.fr\/wp-content\/uploads\/2019\/11\/bienvenue3.jpg 1240w, http:\/\/scn-rando.fr\/wp-content\/uploads\/2019\/11\/bienvenue3-300x73.jpg 300w, http:\/\/scn-rando.fr\/wp-content\/uploads\/2019\/11\/bienvenue3-768x186.jpg 768w, http:\/\/scn-rando.fr\/wp-content\/uploads\/2019\/11\/bienvenue3-1024x248.jpg 1024w, http:\/\/scn-rando.fr\/wp-content\/uploads\/2019\/11\/bienvenue3-400x97.jpg 400w\" sizes=\"(max-width: 1240px) 100vw, 1240px\" \/><\/p>\n<p style=\"text-align: center;\"><strong>\u00ab<span style=\"font-size: 10pt;\"> SI TU VEUX MARCHER VITE, MARCHE SEUL, MAIS SI TU VEUX ALLER LOIN, MARCHONS ENSEMBLE \u00bb<\/span><\/strong><\/p>\n<p style=\"text-align: center;\"><span style=\"text-align: justify;\">Ami(e) visiteur(se) bonjour et bienvenue.<\/span><\/p>\n<p style=\"text-align: justify;\"><span style=\"text-align: justify;\">Notre association SCN-RANDO \u00ab l\u2019Echapp\u00e9e Occitane \u00bb est une \u00e9quipe heureuse de vous accueillir sur son site qui a pour objet d\u2019organiser et de promouvoir des activit\u00e9s de randonn\u00e9es p\u00e9destres et regroupe des personnes aimant marcher ensemble pour le plaisir, la d\u00e9tente, la d\u00e9couverte et le sport.<\/span><\/p>\n<p style=\"text-align: justify;\">L\u2019amiti\u00e9, la simplicit\u00e9, la convivialit\u00e9 et le respect de la nature sont \u00e0 la base de notre d\u00e9marche pour cr\u00e9er des liens de solidarit\u00e9 et faire d\u00e9couvrir notre r\u00e9gion et la richesse de son patrimoine.<br \/>\nChacune et chacun peut trouver la randonn\u00e9e qui lui convient et qui lui pla\u00eet.<br \/>\nDans cet esprit, tout au long de l\u2019ann\u00e9e (except\u00e9 le mois d\u2019ao\u00fbt) nous organisons tous les mardis et et tous les jeudis, \u00e0 partir de N\u00e8grepelisse, des randonn\u00e9es tr\u00e8s vari\u00e9es et de tous niveaux dans un rayon d&rsquo;environ 50 kms englobant les d\u00e9partements limitrophes.<br \/>\nD\u2019autre part, un s\u00e9jour sportif, culturel et touristique d\u2019une semaine \u00e0 dominante randonn\u00e9e p\u00e9destre est propos\u00e9 au mois de juin aux adh\u00e9rents ainsi que des week-ends d\u00e9couverte au cours de l\u2019ann\u00e9e.<\/p>\n<p style=\"text-align: justify;\"><strong>Si vous aimez<\/strong> : Marcher entre plaines, collines, for\u00eats, causses mais aussi dans les villes et les villages.<br \/>\n<strong>Si vous aimez<\/strong> : D\u00e9couvrir des sites pittoresques et des panoramas inattendus, une nature sauvage.<br \/>\n<strong>Si vous aimez<\/strong> : Rencontrer des personnes dans une ambiance dynamique d\u00e9contract\u00e9e et chaleureuse.<br \/>\n<strong>Si vous aimez<\/strong> : Partager le plaisir de cheminer ensemble et passer des moments en agr\u00e9able compagnie.<\/p>\n<p>L\u2019Association SCN-RANDO \u00ab&nbsp;L\u2019\u00e9chapp\u00e9e occitane&nbsp;\u00bb vous invite \u00e0 nous rejoindre pour participer \u00e0 une \u00ab&nbsp;RANDO A L\u2019ESSAI&nbsp;\u00bb \u00e0 la demi-journ\u00e9e, sans engagement de votre part, pour d\u00e9couvrir les charmes d\u2019une escapade dans la nature, pour votre plaisir, pour une aventure conviviale, et pour garder la forme.<\/p>\n<p>Dans cet esprit, pr\u00e9sentez-vous sur le parking du complexe Aim\u00e9 Padi\u00e9, avenue de la Sorbonne, au d\u00e9part du covoiturage tous les mardis entre 13h15 et 13h30 et\/ou tous les jeudis entre 7h45 et 8h00 (sauf pour les mois de d\u00e9cembre \u00e0 f\u00e9vrier, entre 8h15 et 8h30).<\/p>\n<p>CONTACTS :&nbsp; sur le site ou via les num\u00e9ros de t\u00e9l. ci-dessous<\/p>\n<p>Cette randonn\u00e9e sera sous votre assurance personnelle.<\/p>\n<p>Munissez-vous de bonnes chaussures, de v\u00eatements adapt\u00e9s, de l\u2019eau et de la monnaie pour le covoiturage. Donner votre nom, pr\u00e9nom et num\u00e9ro de t\u00e9l\u00e9phone \u00e0 l\u2019animateur (trice) de la rando.<\/p>\n<p style=\"text-align: justify;\">Alors, rejoignez-nous et c\u2019est avec un grand plaisir que nous vous accueillerons pour une \u00ab \u00e9chapp\u00e9e occitane \u00bb sur les chemins de randonn\u00e9e.<br \/>\nEt, si vous le d\u00e9sirez, en consultant les onglets, vous trouverez les diff\u00e9rents formulaires n\u00e9cessaires \u00e0 votre inscription.<\/p>\n<p style=\"text-align: justify;\"><strong>POUR TOUS RENSEIGNEMENTS&nbsp; :<\/strong><br \/>\n&gt;&gt;&gt;&gt;&gt;&gt;&gt;&gt;Tel. :&nbsp; &nbsp; 07 81 85 43 16 &nbsp;&nbsp; aupr\u00e8s du &nbsp;&nbsp;&nbsp;&nbsp;&nbsp;&nbsp;&nbsp; <strong>PR\u00c9SIDENT<\/strong><br \/>\n&gt;&gt;&gt;&gt;&gt;&gt;&gt;&gt;Tel. :&nbsp;&nbsp;&nbsp; 06 64 63 91 51 &nbsp;&nbsp; aupr\u00e8s du&nbsp; &nbsp;&nbsp;&nbsp;&nbsp;&nbsp; <strong>VICE-PRESIDENT<\/strong><\/p>\n<p style=\"text-align: justify;\">Le Pr\u00e9sident de l\u2019association SCN-RANDO \u00ab l\u2019Echapp\u00e9e Occitane \u00bb<\/p>\n<p>Bernard VALETTE.<\/p>\n<p><strong>CARTE DE LA REGION OCCITANIE.<\/strong><\/p>\n<p><img decoding=\"async\" src=\"http:\/\/scn-rando.fr\/wp-content\/uploads\/2019\/11\/carte-Occitanie.jpg\"><\/p>\n<ul>\n<li><strong>SIEGE SOCIAL&nbsp;: &nbsp;&nbsp;&nbsp;&nbsp;&nbsp;&nbsp;&nbsp;&nbsp;MAIRIE DE NEGREPELISSE.<\/strong><\/li>\n<\/ul>\n<p><strong>&nbsp;&nbsp;&nbsp;&nbsp;&nbsp;&nbsp;&nbsp;&nbsp;&nbsp;&nbsp;&nbsp;&nbsp;&nbsp;&nbsp;&nbsp;&nbsp;&nbsp;&nbsp;&nbsp;&nbsp;&nbsp;&nbsp;&nbsp;&nbsp;&nbsp;&nbsp;&nbsp;&nbsp;&nbsp;&nbsp;&nbsp;&nbsp;&nbsp;&nbsp;&nbsp;&nbsp;&nbsp;&nbsp;&nbsp; &nbsp;&nbsp;&nbsp;&nbsp;&nbsp;&nbsp;&nbsp;&nbsp;&nbsp;&nbsp;&nbsp;&nbsp;&nbsp;&nbsp;&nbsp;&nbsp;&nbsp;&nbsp;&nbsp;&nbsp;&nbsp;5, place de l\u2019h\u00f4tel de ville, 82800 N\u00e8grepelisse<\/strong><\/p>\n<p><strong>&nbsp;&nbsp;&nbsp;&nbsp;&nbsp;&nbsp;&nbsp;&nbsp;&nbsp;&nbsp;&nbsp;&nbsp;&nbsp;&nbsp;&nbsp;&nbsp;&nbsp;&nbsp;&nbsp;&nbsp;&nbsp;&nbsp;&nbsp;&nbsp;&nbsp;&nbsp;&nbsp;&nbsp;&nbsp;&nbsp;&nbsp;&nbsp;&nbsp;&nbsp;&nbsp;&nbsp;&nbsp;&nbsp;&nbsp;&nbsp; &nbsp;&nbsp;&nbsp;&nbsp;&nbsp;&nbsp;&nbsp;&nbsp;&nbsp;&nbsp;&nbsp;&nbsp;&nbsp;&nbsp;&nbsp;&nbsp;&nbsp;&nbsp;&nbsp;&nbsp;Tel&nbsp;:&nbsp; 05 63 64 22 66.<\/strong><\/p>\n<p><strong>&nbsp;<\/strong><\/p>\n<p><strong>&nbsp;<\/strong><\/p>\n<ul>\n<li><strong>PLAN du lieu de rendez-vous \u00e0 NEGREPELISSE pour le d\u00e9part des randonn\u00e9es&nbsp;:<\/strong><\/li>\n<\/ul>\n<p><strong>&nbsp;&nbsp;&nbsp;&nbsp;&nbsp;&nbsp;&nbsp;&nbsp;&nbsp;&nbsp;&nbsp;&nbsp;&nbsp;&nbsp;&nbsp;&nbsp;&nbsp;&nbsp;&nbsp;&nbsp;&nbsp; <\/strong><strong>(PARKING du complexe Aim\u00e9 Padi\u00e9, avenue de la Sorbonne).&nbsp;&nbsp; Cliquer ici &#8212;&#8212;&#8211;&gt;&nbsp;&nbsp;&nbsp; <a href=\"http:\/\/scn-rando.fr\/wp-content\/uploads\/2025\/12\/Plan-AIme-Padie.jpg\" target=\"_blank\" rel=\"noopener noreferrer\"><img loading=\"lazy\" decoding=\"async\" class=\"alignnone\" src=\"http:\/\/scn-rando.fr\/wp-content\/uploads\/2019\/11\/Symbole-plan-e1573117309410.jpg\" alt=\"\" width=\"25\" height=\"32\"><\/a><br \/>\n<\/strong><\/p>\n","protected":false},"excerpt":{"rendered":"<p>\u00ab SI TU VEUX MARCHER VITE, MARCHE SEUL, MAIS SI TU VEUX ALLER LOIN, MARCHONS ENSEMBLE \u00bb Ami(e) visiteur(se) bonjour et bienvenue. Notre association SCN-RANDO \u00ab l\u2019Echapp\u00e9e Occitane \u00bb est une \u00e9quipe heureuse de vous accueillir sur son site qui a pour objet d\u2019organiser et de promouvoir des activit\u00e9s de randonn\u00e9es p\u00e9destres et regroupe des &hellip; <a href=\"http:\/\/scn-rando.fr\/\" class=\"more-link\">Continuer la lecture de <span class=\"screen-reader-text\"><\/span>  <span class=\"meta-nav\">&rarr;<\/span><\/a><\/p>\n","protected":false},"author":2,"featured_media":0,"parent":0,"menu_order":0,"comment_status":"closed","ping_status":"closed","template":"","meta":{"ngg_post_thumbnail":0,"footnotes":""},"class_list":["post-19","page","type-page","status-publish","hentry"],"jetpack_sharing_enabled":true,"_links":{"self":[{"href":"http:\/\/scn-rando.fr\/index.php\/wp-json\/wp\/v2\/pages\/19"}],"collection":[{"href":"http:\/\/scn-rando.fr\/index.php\/wp-json\/wp\/v2\/pages"}],"about":[{"href":"http:\/\/scn-rando.fr\/index.php\/wp-json\/wp\/v2\/types\/page"}],"author":[{"embeddable":true,"href":"http:\/\/scn-rando.fr\/index.php\/wp-json\/wp\/v2\/users\/2"}],"replies":[{"embeddable":true,"href":"http:\/\/scn-rando.fr\/index.php\/wp-json\/wp\/v2\/comments?post=19"}],"version-history":[{"count":86,"href":"http:\/\/scn-rando.fr\/index.php\/wp-json\/wp\/v2\/pages\/19\/revisions"}],"predecessor-version":[{"id":3689,"href":"http:\/\/scn-rando.fr\/index.php\/wp-json\/wp\/v2\/pages\/19\/revisions\/3689"}],"wp:attachment":[{"href":"http:\/\/scn-rando.fr\/index.php\/wp-json\/wp\/v2\/media?parent=19"}],"curies":[{"name":"wp","href":"https:\/\/api.w.org\/{rel}","templated":true}]}}