{"id":188,"date":"2019-05-27T09:54:03","date_gmt":"2019-05-27T07:54:03","guid":{"rendered":"http:\/\/scn-rando.fr\/?page_id=188"},"modified":"2026-01-04T18:23:33","modified_gmt":"2026-01-04T17:23:33","slug":"bureau-page","status":"publish","type":"page","link":"http:\/\/scn-rando.fr\/index.php\/bureau-page\/","title":{"rendered":"CONDUITE ET GESTION DE LA RANDONNEE"},"content":{"rendered":"<p><strong>&nbsp;<\/strong><\/p>\n<p><span style=\"font-size: 18pt;\"><strong>Au point de rendez-vous :<\/strong><\/span><br \/>\n&nbsp; &nbsp; &nbsp; &nbsp;<br \/>\n&nbsp; &nbsp; &nbsp; &nbsp; -Se pr\u00e9senter,<br \/>\n&nbsp; &nbsp; &nbsp; &nbsp; -Accueillir les nouveaux,<br \/>\n&nbsp; &nbsp; &nbsp; &nbsp; -V\u00e9rifier l\u2019\u00e9quipement de chacun et son ravitaillement, surtout en boisson, D\u00e9signer un serre-file (animateur adjoint),<br \/>\n&nbsp; &nbsp; &nbsp; &nbsp; -Donner aux conducteurs de v\u00e9hicules le lieu de destination, l\u2019itin\u00e9raire routier et le prochain lieu de regroupement \u00e9ventuel.<\/p>\n<h1><span style=\"font-size: 18pt;\">Au d\u00e9part du sentier :<\/span><\/h1>\n<p>Si la dur\u00e9e du transport demande un certain temps, il est bon avant de partir de manger un petit en-cas et de boire :<\/p>\n<p>L\u2019animateur indique alors :<br \/>\n&nbsp; &nbsp; &nbsp; -Le profil du terrain et le point de regroupement suivant,<br \/>\n&nbsp; &nbsp; &nbsp; -Qu\u2019il faut d\u00e9poser son sac au bord du sentier en cas d\u2019arr\u00eat d\u2019urgence,<br \/>\n&nbsp; &nbsp; &nbsp; -Qui a la trousse de secours,<br \/>\n&nbsp; &nbsp; &nbsp; -Qui est devant et qui ferme la marche,<br \/>\n&nbsp; &nbsp; &nbsp; -Les th\u00e8mes abord\u00e9s.<\/p>\n<h1><span style=\"font-size: 18pt;\">Pendant la randonn\u00e9e :<\/span><\/h1>\n<p>Une fois partis, il est bon de faire un arr\u00eat dans le quart d\u2019heure suivant, pour permettre aux participants d\u2019adapter leur tenue vestimentaire.<\/p>\n<p>La progression ne doit \u00eatre ni trop rapide ni trop lente, en g\u00e9n\u00e9ral \u00e0 l\u2019allure du plus faible. Sauf n\u00e9cessit\u00e9 absolue, l\u2019animateur ne doit pas forcer l\u2019allure.<\/p>\n<p>Il est important ou utile d\u2019attirer l\u2019attention sur :<br \/>\n&nbsp; &nbsp; &nbsp; &nbsp;-Les facteurs de risques, les bifurcations propices \u00e0 une erreur d\u2019itin\u00e9raire,<br \/>\n&nbsp; &nbsp; &nbsp; &nbsp;-Les endroits les plus esth\u00e9tiques,<br \/>\n&nbsp; &nbsp; &nbsp; &nbsp;-Les \u00e9l\u00e9ments essentiels du paysage (topographie, g\u00e9ologie, activit\u00e9s humaines), Les autres itin\u00e9raires praticables dans le secteur.<\/p>\n<p>L\u2019animateur commentera autant qu\u2019il le pourra les sites d\u2019int\u00e9r\u00eat particulier, en proc\u00e9dant \u00e0 un regroupement.<\/p>\n<p>Il en est de m\u00eame en cas d\u2019\u00e9v\u00e9nement fortuit (animal ou trace, particularit\u00e9 topographique, min\u00e9rale ou v\u00e9g\u00e9tale, etc.) Si un participant a des connaissances plus approfondies sur un sujet, l\u2019animateur l\u2019incitera \u00e0 les faire partager.<\/p>\n<p>Il est bon de respecter des pauses toutes les heures environ, pour se regrouper, boire et \u00e9ventuellement grignoter, notamment entre 11h et midi si l\u2019on est encore loin de la pause d\u00e9jeuner. Pour cela, il vaut mieux s\u2019arr\u00eater avant un passage plus fatigant ou difficile, plut\u00f4t qu\u2019apr\u00e8s.<\/p>\n<p>Lors des haltes programm\u00e9es, s\u2019assurer \u00e0 l\u2019arriv\u00e9e et au d\u00e9part que tout le monde est bien l\u00e0. Surveiller discr\u00e8tement \u00e0 cette occasion l\u2019\u00e9tat de forme de chacun, afin de d\u00e9celer d\u00e8s que possible une faiblesse<\/p>\n<h1><span style=\"font-size: 18pt;\">Fin de la randonn\u00e9e :<\/span><\/h1>\n<p>L\u2019animateur doit s\u2019enqu\u00e9rir, par une consultation rapide du groupe :<br \/>\n&nbsp; &nbsp; &nbsp; &nbsp;-de l\u2019\u00e9tat de fatigue des participants,<br \/>\n&nbsp; &nbsp; &nbsp; &nbsp;-des points positifs et \u00e9ventuellement n\u00e9gatifs,<br \/>\n&nbsp; &nbsp; &nbsp; &nbsp;-des aspects int\u00e9ressants de la randonn\u00e9e. Tout ceci en tentant&nbsp; &nbsp; &nbsp; &nbsp; &nbsp; &nbsp; &nbsp;-de stimuler l\u2019envie de repartir, notamment en f\u00e9licitant les plus faibles ou en leur conseillant des randonn\u00e9es mieux adapt\u00e9es\u2026<\/p>\n<p>EN CAS D\u2019ACCIDENT ou d\u2019incident grave, pr\u00e9venir sans d\u00e9lai le Pr\u00e9sident et la Secr\u00e9taire, qui veilleront avec l\u2019animateur \u00e0 ce que la d\u00e9claration \u00e9ventuelle d\u2019accident soit adress\u00e9e dans les 5 jours \u00e0 l\u2019Assurance.<\/p>\n","protected":false},"excerpt":{"rendered":"<p>&nbsp; Au point de rendez-vous : &nbsp; &nbsp; &nbsp; &nbsp; &nbsp; &nbsp; &nbsp; &nbsp; -Se pr\u00e9senter, &nbsp; &nbsp; &nbsp; &nbsp; -Accueillir les nouveaux, &nbsp; &nbsp; &nbsp; &nbsp; -V\u00e9rifier l\u2019\u00e9quipement de chacun et son ravitaillement, surtout en boisson, D\u00e9signer un serre-file (animateur adjoint), &nbsp; &nbsp; &nbsp; &nbsp; -Donner aux conducteurs de v\u00e9hicules le lieu de destination, &hellip; <a href=\"http:\/\/scn-rando.fr\/index.php\/bureau-page\/\" class=\"more-link\">Continuer la lecture de <span class=\"screen-reader-text\">CONDUITE ET GESTION DE LA RANDONNEE<\/span>  <span class=\"meta-nav\">&rarr;<\/span><\/a><\/p>\n","protected":false},"author":1,"featured_media":0,"parent":0,"menu_order":0,"comment_status":"closed","ping_status":"closed","template":"","meta":{"ngg_post_thumbnail":0,"footnotes":""},"class_list":["post-188","page","type-page","status-publish","hentry"],"jetpack_sharing_enabled":true,"_links":{"self":[{"href":"http:\/\/scn-rando.fr\/index.php\/wp-json\/wp\/v2\/pages\/188"}],"collection":[{"href":"http:\/\/scn-rando.fr\/index.php\/wp-json\/wp\/v2\/pages"}],"about":[{"href":"http:\/\/scn-rando.fr\/index.php\/wp-json\/wp\/v2\/types\/page"}],"author":[{"embeddable":true,"href":"http:\/\/scn-rando.fr\/index.php\/wp-json\/wp\/v2\/users\/1"}],"replies":[{"embeddable":true,"href":"http:\/\/scn-rando.fr\/index.php\/wp-json\/wp\/v2\/comments?post=188"}],"version-history":[{"count":23,"href":"http:\/\/scn-rando.fr\/index.php\/wp-json\/wp\/v2\/pages\/188\/revisions"}],"predecessor-version":[{"id":3666,"href":"http:\/\/scn-rando.fr\/index.php\/wp-json\/wp\/v2\/pages\/188\/revisions\/3666"}],"wp:attachment":[{"href":"http:\/\/scn-rando.fr\/index.php\/wp-json\/wp\/v2\/media?parent=188"}],"curies":[{"name":"wp","href":"https:\/\/api.w.org\/{rel}","templated":true}]}}