{"id":1384,"date":"2020-06-05T14:35:08","date_gmt":"2020-06-05T12:35:08","guid":{"rendered":"http:\/\/scn-rando.fr\/?page_id=1384"},"modified":"2020-06-05T14:35:08","modified_gmt":"2020-06-05T12:35:08","slug":"cdbr","status":"publish","type":"page","link":"http:\/\/scn-rando.fr\/index.php\/cdbr\/","title":{"rendered":"CDBR"},"content":{"rendered":"<p><em><span style=\"font-size: 10pt;\">Au hasard de nos lectures, nous avons d\u00e9couvert \u00ab la charte du randonneur \u00bb \u00e9manant de l\u2019association des randonneurs p\u00e9destres du sud de l\u2019Aisne que nous vous livrons ex abrupto :<\/span><\/em><\/p>\n<p>&nbsp;<\/p>\n<p style=\"text-align: center;\">De bons godillots tu auras<\/p>\n<p style=\"text-align: center;\">Petit en-cas et ton repas<br \/>\nDans ton sac \u00e0 dos tu mettras<\/p>\n<p style=\"text-align: center;\">D\u2019eau, ta gourde tu rempliras<\/p>\n<p style=\"text-align: center;\">Cape de pluie, chapeau tu n\u2019oublieras pas<\/p>\n<p style=\"text-align: center;\">Dame nature, tu respecteras<\/p>\n<p style=\"text-align: center;\">Envers les autres, courtois tu seras<\/p>\n<p style=\"text-align: center;\">Tes convictions religieuses, pour toi tu garderas<\/p>\n<p style=\"text-align: center;\">De parler politique tu \u00e9viteras<\/p>\n<p style=\"text-align: center;\">Ces sujets \u00e9cart\u00e9s, convivialit\u00e9 r\u00e9gnera,<br \/>\nEt c\u0153ur content, nous marcherons d\u2019un bon pas.<\/p>\n<p>&nbsp;<\/p>\n<p><span style=\"font-size: 10pt;\"><em>Que ces quelques vers nous accompagnent au cours de nos escapades<\/em><\/span><br \/>\n<span style=\"font-size: 10pt;\"><em>Qui sont des moments de d\u00e9tente et de plaisir au contact de la nature.<\/em><\/span><\/p>\n","protected":false},"excerpt":{"rendered":"<p>Au hasard de nos lectures, nous avons d\u00e9couvert \u00ab la charte du randonneur \u00bb \u00e9manant de l\u2019association des randonneurs p\u00e9destres du sud de l\u2019Aisne que nous vous livrons ex abrupto : &nbsp; De bons godillots tu auras Petit en-cas et ton repas Dans ton sac \u00e0 dos tu mettras D\u2019eau, ta gourde tu rempliras Cape &hellip; <a href=\"http:\/\/scn-rando.fr\/index.php\/cdbr\/\" class=\"more-link\">Continuer la lecture de <span class=\"screen-reader-text\">CDBR<\/span>  <span class=\"meta-nav\">&rarr;<\/span><\/a><\/p>\n","protected":false},"author":2,"featured_media":0,"parent":0,"menu_order":0,"comment_status":"closed","ping_status":"closed","template":"","meta":{"ngg_post_thumbnail":0,"footnotes":""},"class_list":["post-1384","page","type-page","status-publish","hentry"],"jetpack_sharing_enabled":true,"_links":{"self":[{"href":"http:\/\/scn-rando.fr\/index.php\/wp-json\/wp\/v2\/pages\/1384"}],"collection":[{"href":"http:\/\/scn-rando.fr\/index.php\/wp-json\/wp\/v2\/pages"}],"about":[{"href":"http:\/\/scn-rando.fr\/index.php\/wp-json\/wp\/v2\/types\/page"}],"author":[{"embeddable":true,"href":"http:\/\/scn-rando.fr\/index.php\/wp-json\/wp\/v2\/users\/2"}],"replies":[{"embeddable":true,"href":"http:\/\/scn-rando.fr\/index.php\/wp-json\/wp\/v2\/comments?post=1384"}],"version-history":[{"count":1,"href":"http:\/\/scn-rando.fr\/index.php\/wp-json\/wp\/v2\/pages\/1384\/revisions"}],"predecessor-version":[{"id":1385,"href":"http:\/\/scn-rando.fr\/index.php\/wp-json\/wp\/v2\/pages\/1384\/revisions\/1385"}],"wp:attachment":[{"href":"http:\/\/scn-rando.fr\/index.php\/wp-json\/wp\/v2\/media?parent=1384"}],"curies":[{"name":"wp","href":"https:\/\/api.w.org\/{rel}","templated":true}]}}