{"id":1264,"date":"2020-01-03T10:50:59","date_gmt":"2020-01-03T09:50:59","guid":{"rendered":"http:\/\/scn-rando.fr\/?page_id=1264"},"modified":"2020-05-31T00:24:55","modified_gmt":"2020-05-30T22:24:55","slug":"voeux-2020","status":"publish","type":"page","link":"http:\/\/scn-rando.fr\/index.php\/voeux-2020\/","title":{"rendered":"V\u0153ux 2020"},"content":{"rendered":"<p>&nbsp;<\/p>\n<p>\u00c7a y est, l\u2019ann\u00e9e 2019 s\u2019est referm\u00e9e pour laisser la place \u00e0 2020. Votre pr\u00e9sident et les membres du bureau de l\u2019association SCN-RANDO \u00ab L\u2019\u00e9chapp\u00e9e occitane \u00bb vous pr\u00e9sentent leurs meilleurs v\u0153ux \u00e0 l\u2019aube de la nouvelle ann\u00e9e.<\/p>\n<p>Que 2020 apporte \u00e0 chacune et chacun d\u2019entre vous le bonheur, la sant\u00e9, la s\u00e9r\u00e9nit\u00e9, la paix et le succ\u00e9s dans vos projets personnels et familiaux.<\/p>\n<p>Qu\u2019un m\u00eame \u00e9lan d\u2019amiti\u00e9 et d\u2019esprit sportif nous conduisent au cours de cette prochaine d\u00e9cennie sur les chemins et les sentiers \u00e0 la d\u00e9couverte des charmes de notre belle r\u00e9gion.<\/p>\n<p>Faisons n\u00f4tre cette belle devise\u00a0: \u00ab\u00a0Tout seul on va plus vite, ensemble on va plus loin\u00a0\u00bb<\/p>\n<p>En vous souhaitant le maximum de satisfaction et d\u2019\u00e9panouissement personnel \u00e0 travers la pratique de notre sport,\u00a0la randonn\u00e9e p\u00e9destre.<\/p>\n<p>Bonne marche pour la saison 2020 et bonne et heureuse ann\u00e9e.<\/p>\n<p>Le pr\u00e9sident\u00a0: B\u00a0\u00a0 VALETTE.<\/p>\n","protected":false},"excerpt":{"rendered":"<p>&nbsp; \u00c7a y est, l\u2019ann\u00e9e 2019 s\u2019est referm\u00e9e pour laisser la place \u00e0 2020. Votre pr\u00e9sident et les membres du bureau de l\u2019association SCN-RANDO \u00ab L\u2019\u00e9chapp\u00e9e occitane \u00bb vous pr\u00e9sentent leurs meilleurs v\u0153ux \u00e0 l\u2019aube de la nouvelle ann\u00e9e. Que 2020 apporte \u00e0 chacune et chacun d\u2019entre vous le bonheur, la sant\u00e9, la s\u00e9r\u00e9nit\u00e9, la &hellip; <a href=\"http:\/\/scn-rando.fr\/index.php\/voeux-2020\/\" class=\"more-link\">Continuer la lecture de <span class=\"screen-reader-text\">V\u0153ux 2020<\/span>  <span class=\"meta-nav\">&rarr;<\/span><\/a><\/p>\n","protected":false},"author":1,"featured_media":1272,"parent":0,"menu_order":0,"comment_status":"closed","ping_status":"closed","template":"","meta":{"ngg_post_thumbnail":0,"footnotes":""},"class_list":["post-1264","page","type-page","status-publish","has-post-thumbnail","hentry"],"jetpack_sharing_enabled":true,"_links":{"self":[{"href":"http:\/\/scn-rando.fr\/index.php\/wp-json\/wp\/v2\/pages\/1264"}],"collection":[{"href":"http:\/\/scn-rando.fr\/index.php\/wp-json\/wp\/v2\/pages"}],"about":[{"href":"http:\/\/scn-rando.fr\/index.php\/wp-json\/wp\/v2\/types\/page"}],"author":[{"embeddable":true,"href":"http:\/\/scn-rando.fr\/index.php\/wp-json\/wp\/v2\/users\/1"}],"replies":[{"embeddable":true,"href":"http:\/\/scn-rando.fr\/index.php\/wp-json\/wp\/v2\/comments?post=1264"}],"version-history":[{"count":5,"href":"http:\/\/scn-rando.fr\/index.php\/wp-json\/wp\/v2\/pages\/1264\/revisions"}],"predecessor-version":[{"id":1350,"href":"http:\/\/scn-rando.fr\/index.php\/wp-json\/wp\/v2\/pages\/1264\/revisions\/1350"}],"wp:featuredmedia":[{"embeddable":true,"href":"http:\/\/scn-rando.fr\/index.php\/wp-json\/wp\/v2\/media\/1272"}],"wp:attachment":[{"href":"http:\/\/scn-rando.fr\/index.php\/wp-json\/wp\/v2\/media?parent=1264"}],"curies":[{"name":"wp","href":"https:\/\/api.w.org\/{rel}","templated":true}]}}